{"id":5788,"date":"2023-07-21T16:24:48","date_gmt":"2023-07-21T13:24:48","guid":{"rendered":"https:\/\/revealing-project.eu\/product\/vrcoscspotify\/"},"modified":"2023-07-21T16:24:54","modified_gmt":"2023-07-21T13:24:54","slug":"vrcoscspotify","status":"publish","type":"product","link":"https:\/\/revealing-project.eu\/pl\/produkt\/vrcoscspotify\/","title":{"rendered":"VRCOSCSpotify"},"content":{"rendered":"<p>VRCOSCSpotify to narz\u0119dzie, kt\u00f3re pozwala tw\u00f3rcom VRChat zintegrowa\u0107 muzyk\u0119 Spotify z ich \u015bwiatami VRChat. Dzi\u0119ki VRCOSCSpotify tw\u00f3rcy mog\u0105 u\u017cywa\u0107 komunikat\u00f3w OSC (Open Sound Control) do sterowania odtwarzaniem Spotify w VRChat. Pozwala to na bardziej wci\u0105gaj\u0105ce wra\u017cenia, w kt\u00f3rych u\u017cytkownicy mog\u0105 s\u0142ucha\u0107 muzyki podczas eksploracji niestandardowego \u015bwiata VRChat. VRCOSCSpotify zawiera r\u00f3wnie\u017c funkcje dostosowywania sterowania odtwarzaniem i tworzenia list odtwarzania.<\/p>\n","protected":false},"excerpt":{"rendered":"<p><a class=\"linkbutton\" href=\"https:\/\/github.com\/lenoobwastaken\/VRCOSCUtils\"target=_blank rel=\"noopener\">Website<\/a><\/p>\n","protected":false},"featured_media":4477,"template":"","meta":[],"product_cat":[259],"product_tag":[],"_links":{"self":[{"href":"https:\/\/revealing-project.eu\/pl\/wp-json\/wp\/v2\/product\/5788"}],"collection":[{"href":"https:\/\/revealing-project.eu\/pl\/wp-json\/wp\/v2\/product"}],"about":[{"href":"https:\/\/revealing-project.eu\/pl\/wp-json\/wp\/v2\/types\/product"}],"wp:featuredmedia":[{"embeddable":true,"href":"https:\/\/revealing-project.eu\/pl\/wp-json\/wp\/v2\/media\/4477"}],"wp:attachment":[{"href":"https:\/\/revealing-project.eu\/pl\/wp-json\/wp\/v2\/media?parent=5788"}],"wp:term":[{"taxonomy":"product_cat","embeddable":true,"href":"https:\/\/revealing-project.eu\/pl\/wp-json\/wp\/v2\/product_cat?post=5788"},{"taxonomy":"product_tag","embeddable":true,"href":"https:\/\/revealing-project.eu\/pl\/wp-json\/wp\/v2\/product_tag?post=5788"}],"curies":[{"name":"wp","href":"https:\/\/api.w.org\/{rel}","templated":true}]}}