{"id":5789,"date":"2023-07-21T16:24:56","date_gmt":"2023-07-21T13:24:56","guid":{"rendered":"https:\/\/revealing-project.eu\/product\/vrctextboxosc\/"},"modified":"2023-07-21T16:24:56","modified_gmt":"2023-07-21T13:24:56","slug":"vrctextboxosc","status":"publish","type":"product","link":"https:\/\/revealing-project.eu\/pl\/produkt\/vrctextboxosc\/","title":{"rendered":"VRCTextboxOSC"},"content":{"rendered":"<p>VRCTextboxOSC to narz\u0119dzie, kt\u00f3re pozwala tw\u00f3rcom VRChat odbiera\u0107 wiadomo\u015bci OSC (Open Sound Control) z zewn\u0119trznych \u017ar\u00f3de\u0142 i wy\u015bwietla\u0107 je jako tekst w VRChat. Narz\u0119dzie to jest szczeg\u00f3lnie przydatne w celach edukacyjnych, poniewa\u017c umo\u017cliwia komunikacj\u0119 w czasie rzeczywistym pomi\u0119dzy aplikacj\u0105 zewn\u0119trzn\u0105 (tak\u0105 jak oprogramowanie do prezentacji lub \u015brodowisko programistyczne) a VRChat. VRCTextboxOSC zapewnia konfigurowalne pole tekstowe, kt\u00f3re mo\u017cna pozycjonowa\u0107 i zmienia\u0107 rozmiar w \u015bwiatach VRChat oraz obs\u0142uguje r\u00f3\u017cne opcje formatowania tekstu. To narz\u0119dzie otwiera mo\u017cliwo\u015bci interaktywnych do\u015bwiadcze\u0144 edukacyjnych w ramach VRChat, gdzie uczniowie mog\u0105 uczy\u0107 si\u0119 i komunikowa\u0107 ze sob\u0105 oraz z instruktorami w czasie rzeczywistym.<\/p>\n","protected":false},"excerpt":{"rendered":"<p><a class=\"linkbutton\" href=\"https:\/\/github.com\/I5UCC\/VRCTextboxOSC\"target=_blank rel=\"noopener\">Website<\/a><\/p>\n","protected":false},"featured_media":4482,"template":"","meta":[],"product_cat":[259],"product_tag":[],"_links":{"self":[{"href":"https:\/\/revealing-project.eu\/pl\/wp-json\/wp\/v2\/product\/5789"}],"collection":[{"href":"https:\/\/revealing-project.eu\/pl\/wp-json\/wp\/v2\/product"}],"about":[{"href":"https:\/\/revealing-project.eu\/pl\/wp-json\/wp\/v2\/types\/product"}],"wp:featuredmedia":[{"embeddable":true,"href":"https:\/\/revealing-project.eu\/pl\/wp-json\/wp\/v2\/media\/4482"}],"wp:attachment":[{"href":"https:\/\/revealing-project.eu\/pl\/wp-json\/wp\/v2\/media?parent=5789"}],"wp:term":[{"taxonomy":"product_cat","embeddable":true,"href":"https:\/\/revealing-project.eu\/pl\/wp-json\/wp\/v2\/product_cat?post=5789"},{"taxonomy":"product_tag","embeddable":true,"href":"https:\/\/revealing-project.eu\/pl\/wp-json\/wp\/v2\/product_tag?post=5789"}],"curies":[{"name":"wp","href":"https:\/\/api.w.org\/{rel}","templated":true}]}}