{"id":5790,"date":"2023-07-21T16:24:56","date_gmt":"2023-07-21T13:24:56","guid":{"rendered":"https:\/\/revealing-project.eu\/product\/quickmaterialswap\/"},"modified":"2023-07-21T16:24:57","modified_gmt":"2023-07-21T13:24:57","slug":"quickmaterialswap","status":"publish","type":"product","link":"https:\/\/revealing-project.eu\/pl\/produkt\/quickmaterialswap\/","title":{"rendered":"QuickMaterialSwap"},"content":{"rendered":"<p>QuickMaterialSwap to narz\u0119dzie zaprojektowane w celu uproszczenia procesu zmiany materia\u0142\u00f3w na obiektach w VRChat. Umo\u017cliwia tw\u00f3rcom \u0142atw\u0105 wymian\u0119 materia\u0142\u00f3w za pomoc\u0105 zaledwie kilku klikni\u0119\u0107, co przyspiesza i u\u0142atwia wprowadzanie zmian i aktualizacji w ich \u015bwiatach VRChat. Dzi\u0119ki QuickMaterialSwap tw\u00f3rcy mog\u0105 wybiera\u0107 obiekty w swoim \u015bwiecie i zast\u0119powa\u0107 je materia\u0142ami z istniej\u0105cej listy lub importowa\u0107 nowe materia\u0142y, aby doda\u0107 je do listy. To narz\u0119dzie mo\u017ce zaoszcz\u0119dzi\u0107 tw\u00f3rcom znaczn\u0105 ilo\u015b\u0107 czasu i wysi\u0142ku, zw\u0142aszcza podczas pracy nad du\u017cymi i z\u0142o\u017conymi \u015bwiatami VRChat, kt\u00f3re wymagaj\u0105 cz\u0119stych zmian materia\u0142\u00f3w.<\/p>\n","protected":false},"excerpt":{"rendered":"<p><a class=\"linkbutton\" href=\"https:\/\/github.com\/NotAKidOnSteam\/QuickMaterialSwap\"target=_blank rel=\"noopener\">Website<\/a><\/p>\n","protected":false},"featured_media":4442,"template":"","meta":[],"product_cat":[259],"product_tag":[],"_links":{"self":[{"href":"https:\/\/revealing-project.eu\/pl\/wp-json\/wp\/v2\/product\/5790"}],"collection":[{"href":"https:\/\/revealing-project.eu\/pl\/wp-json\/wp\/v2\/product"}],"about":[{"href":"https:\/\/revealing-project.eu\/pl\/wp-json\/wp\/v2\/types\/product"}],"wp:featuredmedia":[{"embeddable":true,"href":"https:\/\/revealing-project.eu\/pl\/wp-json\/wp\/v2\/media\/4442"}],"wp:attachment":[{"href":"https:\/\/revealing-project.eu\/pl\/wp-json\/wp\/v2\/media?parent=5790"}],"wp:term":[{"taxonomy":"product_cat","embeddable":true,"href":"https:\/\/revealing-project.eu\/pl\/wp-json\/wp\/v2\/product_cat?post=5790"},{"taxonomy":"product_tag","embeddable":true,"href":"https:\/\/revealing-project.eu\/pl\/wp-json\/wp\/v2\/product_tag?post=5790"}],"curies":[{"name":"wp","href":"https:\/\/api.w.org\/{rel}","templated":true}]}}