{"id":5791,"date":"2023-07-21T16:24:56","date_gmt":"2023-07-21T13:24:56","guid":{"rendered":"https:\/\/revealing-project.eu\/product\/vrc-yt\/"},"modified":"2023-07-21T16:24:57","modified_gmt":"2023-07-21T13:24:57","slug":"vrc-yt","status":"publish","type":"product","link":"https:\/\/revealing-project.eu\/pl\/produkt\/vrc-yt\/","title":{"rendered":"VRC-YT"},"content":{"rendered":"<p>VRC-YT to projekt typu open source, kt\u00f3ry umo\u017cliwia mi\u0119dzyplatformowe odtwarzanie film\u00f3w z YouTube w ramach platformy wirtualnej rzeczywisto\u015bci VRChat. Obejmuje pakiet proxy, kt\u00f3ry umo\u017cliwia u\u017cytkownikom dost\u0119p do film\u00f3w z YouTube za po\u015brednictwem publicznego serwera proxy lub samodzielnego hostowania w\u0142asnej instancji. To narz\u0119dzie poprawia wra\u017cenia z VRChat, umo\u017cliwiaj\u0105c u\u017cytkownikom \u0142atw\u0105 integracj\u0119 i ogl\u0105danie film\u00f3w z YouTube w wirtualnym \u015bwiecie.<\/p>\n","protected":false},"excerpt":{"rendered":"<p><a class=\"linkbutton\" href=\"https:\/\/github.com\/ShayBox\/VRC-YT\"target=_blank rel=\"noopener\">Website<\/a><\/p>\n","protected":false},"featured_media":4457,"template":"","meta":[],"product_cat":[259],"product_tag":[],"_links":{"self":[{"href":"https:\/\/revealing-project.eu\/pl\/wp-json\/wp\/v2\/product\/5791"}],"collection":[{"href":"https:\/\/revealing-project.eu\/pl\/wp-json\/wp\/v2\/product"}],"about":[{"href":"https:\/\/revealing-project.eu\/pl\/wp-json\/wp\/v2\/types\/product"}],"wp:featuredmedia":[{"embeddable":true,"href":"https:\/\/revealing-project.eu\/pl\/wp-json\/wp\/v2\/media\/4457"}],"wp:attachment":[{"href":"https:\/\/revealing-project.eu\/pl\/wp-json\/wp\/v2\/media?parent=5791"}],"wp:term":[{"taxonomy":"product_cat","embeddable":true,"href":"https:\/\/revealing-project.eu\/pl\/wp-json\/wp\/v2\/product_cat?post=5791"},{"taxonomy":"product_tag","embeddable":true,"href":"https:\/\/revealing-project.eu\/pl\/wp-json\/wp\/v2\/product_tag?post=5791"}],"curies":[{"name":"wp","href":"https:\/\/api.w.org\/{rel}","templated":true}]}}