{"id":5792,"date":"2023-07-21T16:24:56","date_gmt":"2023-07-21T13:24:56","guid":{"rendered":"https:\/\/revealing-project.eu\/product\/vrc-object-spawner\/"},"modified":"2023-07-21T16:24:57","modified_gmt":"2023-07-21T13:24:57","slug":"vrc-object-spawner","status":"publish","type":"product","link":"https:\/\/revealing-project.eu\/pl\/produkt\/vrc-object-spawner\/","title":{"rendered":"VRC-Object-Spawner"},"content":{"rendered":"<p>VRC-Object-Spawner to projekt typu open source na GitHub, kt\u00f3ry zapewnia zsynchronizowany z sieci\u0105 generator obiekt\u00f3w i kontroler dla VRChat.<\/p>\n","protected":false},"excerpt":{"rendered":"<p><a class=\"linkbutton\" href=\"https:\/\/github.com\/Pokeyi\/VRC-Object-Spawner\"target=_blank rel=\"noopener\">Website<\/a><\/p>\n","protected":false},"featured_media":4452,"template":"","meta":[],"product_cat":[259],"product_tag":[],"_links":{"self":[{"href":"https:\/\/revealing-project.eu\/pl\/wp-json\/wp\/v2\/product\/5792"}],"collection":[{"href":"https:\/\/revealing-project.eu\/pl\/wp-json\/wp\/v2\/product"}],"about":[{"href":"https:\/\/revealing-project.eu\/pl\/wp-json\/wp\/v2\/types\/product"}],"wp:featuredmedia":[{"embeddable":true,"href":"https:\/\/revealing-project.eu\/pl\/wp-json\/wp\/v2\/media\/4452"}],"wp:attachment":[{"href":"https:\/\/revealing-project.eu\/pl\/wp-json\/wp\/v2\/media?parent=5792"}],"wp:term":[{"taxonomy":"product_cat","embeddable":true,"href":"https:\/\/revealing-project.eu\/pl\/wp-json\/wp\/v2\/product_cat?post=5792"},{"taxonomy":"product_tag","embeddable":true,"href":"https:\/\/revealing-project.eu\/pl\/wp-json\/wp\/v2\/product_tag?post=5792"}],"curies":[{"name":"wp","href":"https:\/\/api.w.org\/{rel}","templated":true}]}}