{"id":5793,"date":"2023-07-21T16:24:56","date_gmt":"2023-07-21T13:24:56","guid":{"rendered":"https:\/\/revealing-project.eu\/product\/vrctextboxosc-2\/"},"modified":"2023-07-21T16:24:58","modified_gmt":"2023-07-21T13:24:58","slug":"vrctextboxosc-2","status":"publish","type":"product","link":"https:\/\/revealing-project.eu\/pl\/produkt\/vrctextboxosc-2\/","title":{"rendered":"VRCTextboxOSC"},"content":{"rendered":"<p>VRCTextboxOSC to aplikacja umo\u017cliwiaj\u0105ca komunikacj\u0119 z systemem czatu tekstowego VRChat poprzez protok\u00f3\u0142 Open Sound Control (OSC). Umo\u017cliwia wpisywanie wiadomo\u015bci w zewn\u0119trznej aplikacji i wysy\u0142anie ich na czat tekstowy VRChat w czasie rzeczywistym. Mo\u017ce to by\u0107 przydatne, je\u015bli \u0142atwiej Ci pisa\u0107 na fizycznej klawiaturze ni\u017c na wirtualnej klawiaturze gry.<\/p>\n","protected":false},"excerpt":{"rendered":"<p><a class=\"linkbutton\" href=\"https:\/\/github.com\/I5UCC\/VRCTextboxOSC\"target=_blank rel=\"noopener\">Website<\/a><\/p>\n","protected":false},"featured_media":4482,"template":"","meta":[],"product_cat":[259],"product_tag":[],"_links":{"self":[{"href":"https:\/\/revealing-project.eu\/pl\/wp-json\/wp\/v2\/product\/5793"}],"collection":[{"href":"https:\/\/revealing-project.eu\/pl\/wp-json\/wp\/v2\/product"}],"about":[{"href":"https:\/\/revealing-project.eu\/pl\/wp-json\/wp\/v2\/types\/product"}],"wp:featuredmedia":[{"embeddable":true,"href":"https:\/\/revealing-project.eu\/pl\/wp-json\/wp\/v2\/media\/4482"}],"wp:attachment":[{"href":"https:\/\/revealing-project.eu\/pl\/wp-json\/wp\/v2\/media?parent=5793"}],"wp:term":[{"taxonomy":"product_cat","embeddable":true,"href":"https:\/\/revealing-project.eu\/pl\/wp-json\/wp\/v2\/product_cat?post=5793"},{"taxonomy":"product_tag","embeddable":true,"href":"https:\/\/revealing-project.eu\/pl\/wp-json\/wp\/v2\/product_tag?post=5793"}],"curies":[{"name":"wp","href":"https:\/\/api.w.org\/{rel}","templated":true}]}}