{"id":5794,"date":"2023-07-21T16:24:56","date_gmt":"2023-07-21T13:24:56","guid":{"rendered":"https:\/\/revealing-project.eu\/product\/vrcavatareditor\/"},"modified":"2023-07-21T16:24:58","modified_gmt":"2023-07-21T13:24:58","slug":"vrcavatareditor","status":"publish","type":"product","link":"https:\/\/revealing-project.eu\/pl\/produkt\/vrcavatareditor\/","title":{"rendered":"VRCAvatarEditor"},"content":{"rendered":"<p>VRCAvatarEditor to rozszerzenie edytora Unity, kt\u00f3re pomaga tworzy\u0107 i edytowa\u0107 awatary do u\u017cytku w VRChat.<\/p>\n","protected":false},"excerpt":{"rendered":"<p><a class=\"linkbutton\" href=\"https:\/\/github.com\/gatosyocora\/VRCAvatarEditor\"target=_blank rel=\"noopener\">Website<\/a><\/p>\n","protected":false},"featured_media":4462,"template":"","meta":[],"product_cat":[259],"product_tag":[],"_links":{"self":[{"href":"https:\/\/revealing-project.eu\/pl\/wp-json\/wp\/v2\/product\/5794"}],"collection":[{"href":"https:\/\/revealing-project.eu\/pl\/wp-json\/wp\/v2\/product"}],"about":[{"href":"https:\/\/revealing-project.eu\/pl\/wp-json\/wp\/v2\/types\/product"}],"wp:featuredmedia":[{"embeddable":true,"href":"https:\/\/revealing-project.eu\/pl\/wp-json\/wp\/v2\/media\/4462"}],"wp:attachment":[{"href":"https:\/\/revealing-project.eu\/pl\/wp-json\/wp\/v2\/media?parent=5794"}],"wp:term":[{"taxonomy":"product_cat","embeddable":true,"href":"https:\/\/revealing-project.eu\/pl\/wp-json\/wp\/v2\/product_cat?post=5794"},{"taxonomy":"product_tag","embeddable":true,"href":"https:\/\/revealing-project.eu\/pl\/wp-json\/wp\/v2\/product_tag?post=5794"}],"curies":[{"name":"wp","href":"https:\/\/api.w.org\/{rel}","templated":true}]}}