{"id":5795,"date":"2023-07-21T16:24:56","date_gmt":"2023-07-21T13:24:56","guid":{"rendered":"https:\/\/revealing-project.eu\/product\/vrchat-expression-utility\/"},"modified":"2023-07-21T16:24:58","modified_gmt":"2023-07-21T13:24:58","slug":"vrchat-expression-utility","status":"publish","type":"product","link":"https:\/\/revealing-project.eu\/pl\/produkt\/vrchat-expression-utility\/","title":{"rendered":"VRChat-Expression-Utility"},"content":{"rendered":"<p>VRChat-Expression-Utility to narz\u0119dzie programowe zaprojektowane w celu uproszczenia procesu tworzenia nowych wyra\u017ce\u0144 dla awatar\u00f3w VRChat. Zamiast r\u0119cznie r\u00f3wnowa\u017cy\u0107 parametry, warstwy, przej\u015bcia i warunki, Expression Utility pomaga usprawni\u0107 proces, pozwalaj\u0105c skupi\u0107 si\u0119 na tworzeniu wyra\u017ce\u0144.<\/p>\n","protected":false},"excerpt":{"rendered":"<p><a class=\"linkbutton\" href=\"https:\/\/github.com\/blepmlem\/VRChat-Expression-Utility\"target=_blank rel=\"noopener\">Website<\/a><\/p>\n","protected":false},"featured_media":4472,"template":"","meta":[],"product_cat":[259],"product_tag":[],"_links":{"self":[{"href":"https:\/\/revealing-project.eu\/pl\/wp-json\/wp\/v2\/product\/5795"}],"collection":[{"href":"https:\/\/revealing-project.eu\/pl\/wp-json\/wp\/v2\/product"}],"about":[{"href":"https:\/\/revealing-project.eu\/pl\/wp-json\/wp\/v2\/types\/product"}],"wp:featuredmedia":[{"embeddable":true,"href":"https:\/\/revealing-project.eu\/pl\/wp-json\/wp\/v2\/media\/4472"}],"wp:attachment":[{"href":"https:\/\/revealing-project.eu\/pl\/wp-json\/wp\/v2\/media?parent=5795"}],"wp:term":[{"taxonomy":"product_cat","embeddable":true,"href":"https:\/\/revealing-project.eu\/pl\/wp-json\/wp\/v2\/product_cat?post=5795"},{"taxonomy":"product_tag","embeddable":true,"href":"https:\/\/revealing-project.eu\/pl\/wp-json\/wp\/v2\/product_tag?post=5795"}],"curies":[{"name":"wp","href":"https:\/\/api.w.org\/{rel}","templated":true}]}}