{"id":5796,"date":"2023-07-21T16:24:56","date_gmt":"2023-07-21T13:24:56","guid":{"rendered":"https:\/\/revealing-project.eu\/product\/korikasavatarplugin\/"},"modified":"2023-07-21T16:24:58","modified_gmt":"2023-07-21T13:24:58","slug":"korikasavatarplugin","status":"publish","type":"product","link":"https:\/\/revealing-project.eu\/pl\/produkt\/korikasavatarplugin\/","title":{"rendered":"KorikasAvatarPlugin"},"content":{"rendered":"<p>KorikasAvatarPlugin (KAP) to narz\u0119dzie, kt\u00f3re pomaga zarz\u0105dza\u0107 i tworzy\u0107 awatary VRChat. Upraszcza proces tworzenia animacji, kopiowania tre\u015bci mi\u0119dzy awatarami i organizowania struktury projektu. Dzi\u0119ki KAP mo\u017cesz \u0142atwo tworzy\u0107 swoje awatary VRChat i zarz\u0105dza\u0107 nimi bez konieczno\u015bci r\u0119cznego wykonywania \u017cmudnej pracy.<\/p>\n","protected":false},"excerpt":{"rendered":"<p><a class=\"linkbutton\" href=\"https:\/\/github.com\/KorikaDEV\/KorikasAvatarPlugin\"target=_blank rel=\"noopener\">Website<\/a><\/p>\n","protected":false},"featured_media":4437,"template":"","meta":[],"product_cat":[259],"product_tag":[],"_links":{"self":[{"href":"https:\/\/revealing-project.eu\/pl\/wp-json\/wp\/v2\/product\/5796"}],"collection":[{"href":"https:\/\/revealing-project.eu\/pl\/wp-json\/wp\/v2\/product"}],"about":[{"href":"https:\/\/revealing-project.eu\/pl\/wp-json\/wp\/v2\/types\/product"}],"wp:featuredmedia":[{"embeddable":true,"href":"https:\/\/revealing-project.eu\/pl\/wp-json\/wp\/v2\/media\/4437"}],"wp:attachment":[{"href":"https:\/\/revealing-project.eu\/pl\/wp-json\/wp\/v2\/media?parent=5796"}],"wp:term":[{"taxonomy":"product_cat","embeddable":true,"href":"https:\/\/revealing-project.eu\/pl\/wp-json\/wp\/v2\/product_cat?post=5796"},{"taxonomy":"product_tag","embeddable":true,"href":"https:\/\/revealing-project.eu\/pl\/wp-json\/wp\/v2\/product_tag?post=5796"}],"curies":[{"name":"wp","href":"https:\/\/api.w.org\/{rel}","templated":true}]}}