{"id":5797,"date":"2023-07-21T16:24:56","date_gmt":"2023-07-21T13:24:56","guid":{"rendered":"https:\/\/revealing-project.eu\/product\/remod-core\/"},"modified":"2023-07-21T16:24:59","modified_gmt":"2023-07-21T13:24:59","slug":"remod-core","status":"publish","type":"product","link":"https:\/\/revealing-project.eu\/pl\/produkt\/remod-core\/","title":{"rendered":"ReMod.Core"},"content":{"rendered":"<p>ReMod.Core to narz\u0119dzie, kt\u00f3re zosta\u0142o u\u017cyte jako podstawowa zale\u017cno\u015b\u0107 dla ReMod i ReModCE, kt\u00f3re s\u0105 modami VRChat stworzonymi przez RequiDev. Udost\u0119pnia kilka funkcji pomocniczych, opakowa\u0144 i klas interfejsu u\u017cytkownika, aby u\u0142atwi\u0107 tworzenie interfejs\u00f3w u\u017cytkownika dla VRChat.<\/p>\n","protected":false},"excerpt":{"rendered":"<p><a class=\"linkbutton\" href=\"https:\/\/github.com\/RequiDev\/ReMod.Core\"target=_blank rel=\"noopener\">Website<\/a><\/p>\n","protected":false},"featured_media":4447,"template":"","meta":[],"product_cat":[259],"product_tag":[],"_links":{"self":[{"href":"https:\/\/revealing-project.eu\/pl\/wp-json\/wp\/v2\/product\/5797"}],"collection":[{"href":"https:\/\/revealing-project.eu\/pl\/wp-json\/wp\/v2\/product"}],"about":[{"href":"https:\/\/revealing-project.eu\/pl\/wp-json\/wp\/v2\/types\/product"}],"wp:featuredmedia":[{"embeddable":true,"href":"https:\/\/revealing-project.eu\/pl\/wp-json\/wp\/v2\/media\/4447"}],"wp:attachment":[{"href":"https:\/\/revealing-project.eu\/pl\/wp-json\/wp\/v2\/media?parent=5797"}],"wp:term":[{"taxonomy":"product_cat","embeddable":true,"href":"https:\/\/revealing-project.eu\/pl\/wp-json\/wp\/v2\/product_cat?post=5797"},{"taxonomy":"product_tag","embeddable":true,"href":"https:\/\/revealing-project.eu\/pl\/wp-json\/wp\/v2\/product_tag?post=5797"}],"curies":[{"name":"wp","href":"https:\/\/api.w.org\/{rel}","templated":true}]}}