{"id":5798,"date":"2023-07-21T16:24:56","date_gmt":"2023-07-21T13:24:56","guid":{"rendered":"https:\/\/revealing-project.eu\/product\/dreadscripts\/"},"modified":"2023-07-21T16:24:59","modified_gmt":"2023-07-21T13:24:59","slug":"dreadscripts","status":"publish","type":"product","link":"https:\/\/revealing-project.eu\/pl\/produkt\/dreadscripts\/","title":{"rendered":"DreadScripts"},"content":{"rendered":"<p>DreadScripts to zbi\u00f3r skrypt\u00f3w Unity stworzonych przez Dreadrith. Skrypty te maj\u0105 na celu u\u0142atwienie pracy z Unity, szczeg\u00f3lnie u\u017cytkownikom VRChat. Zapewniaj\u0105 u\u017cyteczno\u015b\u0107 i \u0142atwo\u015b\u0107 tworzenia, umo\u017cliwiaj\u0105c dodawanie funkcji do istniej\u0105cego awatara.<\/p>\n","protected":false},"excerpt":{"rendered":"<p><a class=\"linkbutton\" href=\"https:\/\/github.com\/Dreadrith\/DreadScripts\"target=_blank rel=\"noopener\">Website<\/a><\/p>\n","protected":false},"featured_media":4432,"template":"","meta":[],"product_cat":[259],"product_tag":[],"_links":{"self":[{"href":"https:\/\/revealing-project.eu\/pl\/wp-json\/wp\/v2\/product\/5798"}],"collection":[{"href":"https:\/\/revealing-project.eu\/pl\/wp-json\/wp\/v2\/product"}],"about":[{"href":"https:\/\/revealing-project.eu\/pl\/wp-json\/wp\/v2\/types\/product"}],"wp:featuredmedia":[{"embeddable":true,"href":"https:\/\/revealing-project.eu\/pl\/wp-json\/wp\/v2\/media\/4432"}],"wp:attachment":[{"href":"https:\/\/revealing-project.eu\/pl\/wp-json\/wp\/v2\/media?parent=5798"}],"wp:term":[{"taxonomy":"product_cat","embeddable":true,"href":"https:\/\/revealing-project.eu\/pl\/wp-json\/wp\/v2\/product_cat?post=5798"},{"taxonomy":"product_tag","embeddable":true,"href":"https:\/\/revealing-project.eu\/pl\/wp-json\/wp\/v2\/product_tag?post=5798"}],"curies":[{"name":"wp","href":"https:\/\/api.w.org\/{rel}","templated":true}]}}