{"id":5799,"date":"2023-07-21T16:24:56","date_gmt":"2023-07-21T13:24:56","guid":{"rendered":"https:\/\/revealing-project.eu\/product\/vrcfury\/"},"modified":"2023-07-21T16:24:59","modified_gmt":"2023-07-21T13:24:59","slug":"vrcfury","status":"publish","type":"product","link":"https:\/\/revealing-project.eu\/pl\/produkt\/vrcfury\/","title":{"rendered":"VRCFury"},"content":{"rendered":"<p>VRCFury to wszechstronny zestaw narz\u0119dzi zaprojektowany specjalnie dla awatar\u00f3w VRChat, umo\u017cliwiaj\u0105cy u\u017cytkownikom personalizacj\u0119 awatar\u00f3w w spos\u00f3b nieniszcz\u0105cy. Zestaw narz\u0119dzi oferuje intuicyjny interfejs graficzny w silniku gry Unity, umo\u017cliwiaj\u0105c u\u017cytkownikom \u0142atwe tworzenie i definiowanie prze\u0142\u0105cznik\u00f3w, gest\u00f3w i tryb\u00f3w element\u00f3w. Korzystaj\u0105c z VRCFury, u\u017cytkownicy mog\u0105 dostosowywa\u0107 swoje awatary VRChat z wi\u0119ksz\u0105 elastyczno\u015bci\u0105 i precyzj\u0105, zachowuj\u0105c przy tym oryginaln\u0105 struktur\u0119 i animacje awatar\u00f3w.<\/p>\n","protected":false},"excerpt":{"rendered":"<p><a class=\"linkbutton\" href=\"https:\/\/github.com\/VRCFury\/VRCFury\"target=_blank rel=\"noopener\">Website<\/a><\/p>\n","protected":false},"featured_media":4467,"template":"","meta":[],"product_cat":[259],"product_tag":[],"_links":{"self":[{"href":"https:\/\/revealing-project.eu\/pl\/wp-json\/wp\/v2\/product\/5799"}],"collection":[{"href":"https:\/\/revealing-project.eu\/pl\/wp-json\/wp\/v2\/product"}],"about":[{"href":"https:\/\/revealing-project.eu\/pl\/wp-json\/wp\/v2\/types\/product"}],"wp:featuredmedia":[{"embeddable":true,"href":"https:\/\/revealing-project.eu\/pl\/wp-json\/wp\/v2\/media\/4467"}],"wp:attachment":[{"href":"https:\/\/revealing-project.eu\/pl\/wp-json\/wp\/v2\/media?parent=5799"}],"wp:term":[{"taxonomy":"product_cat","embeddable":true,"href":"https:\/\/revealing-project.eu\/pl\/wp-json\/wp\/v2\/product_cat?post=5799"},{"taxonomy":"product_tag","embeddable":true,"href":"https:\/\/revealing-project.eu\/pl\/wp-json\/wp\/v2\/product_tag?post=5799"}],"curies":[{"name":"wp","href":"https:\/\/api.w.org\/{rel}","templated":true}]}}