{"id":5800,"date":"2023-07-21T16:24:56","date_gmt":"2023-07-21T13:24:56","guid":{"rendered":"https:\/\/revealing-project.eu\/product\/clocks-for-vrchat\/"},"modified":"2023-07-21T16:24:59","modified_gmt":"2023-07-21T13:24:59","slug":"clocks-for-vrchat","status":"publish","type":"product","link":"https:\/\/revealing-project.eu\/pl\/produkt\/clocks-for-vrchat\/","title":{"rendered":"Clocks for VRChat"},"content":{"rendered":"<p>Zegary dla VRChat to funkcjonalne zegary, kt\u00f3re mo\u017cna dodawa\u0107 do \u015bwiat\u00f3w VRChat.<\/p>\n","protected":false},"excerpt":{"rendered":"<p><a class=\"linkbutton\" href=\"https:\/\/www.vrcarena.com\/assets\/2DuORTruvJAmMf4pn2mI\"target=_blank rel=\"noopener\">Website<\/a><\/p>\n","protected":false},"featured_media":4843,"template":"","meta":[],"product_cat":[259],"product_tag":[],"_links":{"self":[{"href":"https:\/\/revealing-project.eu\/pl\/wp-json\/wp\/v2\/product\/5800"}],"collection":[{"href":"https:\/\/revealing-project.eu\/pl\/wp-json\/wp\/v2\/product"}],"about":[{"href":"https:\/\/revealing-project.eu\/pl\/wp-json\/wp\/v2\/types\/product"}],"wp:featuredmedia":[{"embeddable":true,"href":"https:\/\/revealing-project.eu\/pl\/wp-json\/wp\/v2\/media\/4843"}],"wp:attachment":[{"href":"https:\/\/revealing-project.eu\/pl\/wp-json\/wp\/v2\/media?parent=5800"}],"wp:term":[{"taxonomy":"product_cat","embeddable":true,"href":"https:\/\/revealing-project.eu\/pl\/wp-json\/wp\/v2\/product_cat?post=5800"},{"taxonomy":"product_tag","embeddable":true,"href":"https:\/\/revealing-project.eu\/pl\/wp-json\/wp\/v2\/product_tag?post=5800"}],"curies":[{"name":"wp","href":"https:\/\/api.w.org\/{rel}","templated":true}]}}