{"id":5802,"date":"2023-07-21T16:24:56","date_gmt":"2023-07-21T13:24:56","guid":{"rendered":"https:\/\/revealing-project.eu\/product\/instavr\/"},"modified":"2023-07-21T16:25:00","modified_gmt":"2023-07-21T13:25:00","slug":"instavr","status":"publish","type":"product","link":"https:\/\/revealing-project.eu\/pl\/produkt\/instavr\/","title":{"rendered":"InstaVR"},"content":{"rendered":"<p>InstaVR to platforma internetowa, kt\u00f3ra umo\u017cliwia ka\u017cdemu szybkie i \u0142atwe tworzenie gotowych do publikacji interaktywnych aplikacji VR na wszystkie platformy mobilne i komputery stacjonarne.<\/p>\n","protected":false},"excerpt":{"rendered":"<p><a class=\"linkbutton\" href=\"https:\/\/www.instavr.co\"target=_blank rel=\"noopener\">Website<\/a><\/p>\n","protected":false},"featured_media":4891,"template":"","meta":[],"product_cat":[261],"product_tag":[],"_links":{"self":[{"href":"https:\/\/revealing-project.eu\/pl\/wp-json\/wp\/v2\/product\/5802"}],"collection":[{"href":"https:\/\/revealing-project.eu\/pl\/wp-json\/wp\/v2\/product"}],"about":[{"href":"https:\/\/revealing-project.eu\/pl\/wp-json\/wp\/v2\/types\/product"}],"wp:featuredmedia":[{"embeddable":true,"href":"https:\/\/revealing-project.eu\/pl\/wp-json\/wp\/v2\/media\/4891"}],"wp:attachment":[{"href":"https:\/\/revealing-project.eu\/pl\/wp-json\/wp\/v2\/media?parent=5802"}],"wp:term":[{"taxonomy":"product_cat","embeddable":true,"href":"https:\/\/revealing-project.eu\/pl\/wp-json\/wp\/v2\/product_cat?post=5802"},{"taxonomy":"product_tag","embeddable":true,"href":"https:\/\/revealing-project.eu\/pl\/wp-json\/wp\/v2\/product_tag?post=5802"}],"curies":[{"name":"wp","href":"https:\/\/api.w.org\/{rel}","templated":true}]}}