{"id":5803,"date":"2023-07-21T16:24:56","date_gmt":"2023-07-21T13:24:56","guid":{"rendered":"https:\/\/revealing-project.eu\/product\/thinglink\/"},"modified":"2023-07-21T16:25:00","modified_gmt":"2023-07-21T13:25:00","slug":"thinglink","status":"publish","type":"product","link":"https:\/\/revealing-project.eu\/pl\/produkt\/thinglink\/","title":{"rendered":"ThingLink"},"content":{"rendered":"<p>ThingLink to interaktywny edytor multimedi\u00f3w, kt\u00f3ry pomaga ka\u017cdemu stworzy\u0107 wci\u0105gaj\u0105ce wra\u017cenia bez wcze\u015bniejszego szkolenia. Nie potrzebujesz umiej\u0119tno\u015bci projektowania ani programowania, aby tworzy\u0107 wirtualne wycieczki i inne interaktywne do\u015bwiadczenia. Edytor umo\u017cliwia dodawanie interaktywnych hotspot\u00f3w do r\u00f3\u017cnych plik\u00f3w multimedialnych, pocz\u0105wszy od obraz\u00f3w, film\u00f3w, obraz\u00f3w 360 i film\u00f3w oraz modeli 3D. W tagu edytora mo\u017cesz r\u00f3wnie\u017c osadza\u0107 tre\u015bci stron trzecich, takie jak formularz, strona internetowa, post w mediach spo\u0142eczno\u015bciowych i inne. https:\/\/www.getapp.pt\/software\/2050525\/thinglink<\/p>\n","protected":false},"excerpt":{"rendered":"<p><a class=\"linkbutton\" href=\"https:\/\/www.thinglink.com\/edu\"target=_blank rel=\"noopener\">Website<\/a><\/p>\n","protected":false},"featured_media":4337,"template":"","meta":[],"product_cat":[261],"product_tag":[],"_links":{"self":[{"href":"https:\/\/revealing-project.eu\/pl\/wp-json\/wp\/v2\/product\/5803"}],"collection":[{"href":"https:\/\/revealing-project.eu\/pl\/wp-json\/wp\/v2\/product"}],"about":[{"href":"https:\/\/revealing-project.eu\/pl\/wp-json\/wp\/v2\/types\/product"}],"wp:featuredmedia":[{"embeddable":true,"href":"https:\/\/revealing-project.eu\/pl\/wp-json\/wp\/v2\/media\/4337"}],"wp:attachment":[{"href":"https:\/\/revealing-project.eu\/pl\/wp-json\/wp\/v2\/media?parent=5803"}],"wp:term":[{"taxonomy":"product_cat","embeddable":true,"href":"https:\/\/revealing-project.eu\/pl\/wp-json\/wp\/v2\/product_cat?post=5803"},{"taxonomy":"product_tag","embeddable":true,"href":"https:\/\/revealing-project.eu\/pl\/wp-json\/wp\/v2\/product_tag?post=5803"}],"curies":[{"name":"wp","href":"https:\/\/api.w.org\/{rel}","templated":true}]}}