{"id":5804,"date":"2023-07-21T16:24:56","date_gmt":"2023-07-21T13:24:56","guid":{"rendered":"https:\/\/revealing-project.eu\/product\/vortals\/"},"modified":"2023-07-21T16:25:01","modified_gmt":"2023-07-21T13:25:01","slug":"vortals","status":"publish","type":"product","link":"https:\/\/revealing-project.eu\/pl\/produkt\/vortals\/","title":{"rendered":"VORTALS"},"content":{"rendered":"<p>VORTALS to jedyna na \u015bwiecie platforma do tworzenia materia\u0142\u00f3w edukacyjnych, kt\u00f3ra umo\u017cliwia uczniom tworzenie wci\u0105gaj\u0105cych do\u015bwiadcze\u0144 edukacyjnych przy jednoczesnym rozwijaniu umiej\u0119tno\u015bci przysz\u0142o\u015bci.<\/p>\n","protected":false},"excerpt":{"rendered":"<p><a class=\"linkbutton\" href=\"https:\/\/www.vortals.app\"target=_blank rel=\"noopener\">Website<\/a><\/p>\n","protected":false},"featured_media":4387,"template":"","meta":[],"product_cat":[261],"product_tag":[],"_links":{"self":[{"href":"https:\/\/revealing-project.eu\/pl\/wp-json\/wp\/v2\/product\/5804"}],"collection":[{"href":"https:\/\/revealing-project.eu\/pl\/wp-json\/wp\/v2\/product"}],"about":[{"href":"https:\/\/revealing-project.eu\/pl\/wp-json\/wp\/v2\/types\/product"}],"wp:featuredmedia":[{"embeddable":true,"href":"https:\/\/revealing-project.eu\/pl\/wp-json\/wp\/v2\/media\/4387"}],"wp:attachment":[{"href":"https:\/\/revealing-project.eu\/pl\/wp-json\/wp\/v2\/media?parent=5804"}],"wp:term":[{"taxonomy":"product_cat","embeddable":true,"href":"https:\/\/revealing-project.eu\/pl\/wp-json\/wp\/v2\/product_cat?post=5804"},{"taxonomy":"product_tag","embeddable":true,"href":"https:\/\/revealing-project.eu\/pl\/wp-json\/wp\/v2\/product_tag?post=5804"}],"curies":[{"name":"wp","href":"https:\/\/api.w.org\/{rel}","templated":true}]}}