{"id":5805,"date":"2023-07-21T16:24:56","date_gmt":"2023-07-21T13:24:56","guid":{"rendered":"https:\/\/revealing-project.eu\/product\/situ360\/"},"modified":"2023-07-21T16:25:01","modified_gmt":"2023-07-21T13:25:01","slug":"situ360","status":"publish","type":"product","link":"https:\/\/revealing-project.eu\/pl\/produkt\/situ360\/","title":{"rendered":"Situ360"},"content":{"rendered":"<p>SITU360 to miejsce, w kt\u00f3rym ka\u017cdy mo\u017ce \u0142atwo zaprojektowa\u0107 interaktywne do\u015bwiadczenia 360\u00b0 i VR bezpo\u015brednio z poziomu przegl\u0105darki. Nast\u0119pnie mo\u017cesz udost\u0119pnia\u0107 te do\u015bwiadczenia w mediach spo\u0142eczno\u015bciowych, na w\u0142asnej stronie internetowej, za po\u015brednictwem urz\u0105dze\u0144 mobilnych lub w VR. Po prostu zaloguj si\u0119, prze\u015blij swoje filmy i zdj\u0119cia 360\u00b0, przeci\u0105gnij i upu\u015b\u0107 interaktywne hotspoty, grafik\u0119 i multimedia, a nast\u0119pnie udost\u0119pnij je \u015bwiatu. To naprawd\u0119 proste.<\/p>\n","protected":false},"excerpt":{"rendered":"<p><a class=\"linkbutton\" href=\"https:\/\/situ360.com\"target=_blank rel=\"noopener\">Website<\/a><\/p>\n","protected":false},"featured_media":4297,"template":"","meta":[],"product_cat":[261],"product_tag":[],"_links":{"self":[{"href":"https:\/\/revealing-project.eu\/pl\/wp-json\/wp\/v2\/product\/5805"}],"collection":[{"href":"https:\/\/revealing-project.eu\/pl\/wp-json\/wp\/v2\/product"}],"about":[{"href":"https:\/\/revealing-project.eu\/pl\/wp-json\/wp\/v2\/types\/product"}],"wp:featuredmedia":[{"embeddable":true,"href":"https:\/\/revealing-project.eu\/pl\/wp-json\/wp\/v2\/media\/4297"}],"wp:attachment":[{"href":"https:\/\/revealing-project.eu\/pl\/wp-json\/wp\/v2\/media?parent=5805"}],"wp:term":[{"taxonomy":"product_cat","embeddable":true,"href":"https:\/\/revealing-project.eu\/pl\/wp-json\/wp\/v2\/product_cat?post=5805"},{"taxonomy":"product_tag","embeddable":true,"href":"https:\/\/revealing-project.eu\/pl\/wp-json\/wp\/v2\/product_tag?post=5805"}],"curies":[{"name":"wp","href":"https:\/\/api.w.org\/{rel}","templated":true}]}}