{"id":5807,"date":"2023-07-21T16:24:56","date_gmt":"2023-07-21T13:24:56","guid":{"rendered":"https:\/\/revealing-project.eu\/product\/unity\/"},"modified":"2023-07-21T16:25:01","modified_gmt":"2023-07-21T13:25:01","slug":"unity","status":"publish","type":"product","link":"https:\/\/revealing-project.eu\/pl\/produkt\/unity\/","title":{"rendered":"Unity"},"content":{"rendered":"<p>Unity daje u\u017cytkownikom mo\u017cliwo\u015b\u0107 tworzenia gier i do\u015bwiadcze\u0144 zar\u00f3wno w 2D, jak i 3D, a silnik oferuje podstawowe skryptowe API w C# przy u\u017cyciu Mono, zar\u00f3wno dla edytora Unity w postaci wtyczek, jak i samych gier, a tak\u017ce przeci\u0105gnij i upu\u015b\u0107 funkcjonalno\u015b\u0107.<\/p>\n","protected":false},"excerpt":{"rendered":"<p><a class=\"linkbutton\" href=\"https:\/\/unity.com\"target=_blank rel=\"noopener\">Website<\/a><\/p>\n","protected":false},"featured_media":4362,"template":"","meta":[],"product_cat":[261],"product_tag":[],"_links":{"self":[{"href":"https:\/\/revealing-project.eu\/pl\/wp-json\/wp\/v2\/product\/5807"}],"collection":[{"href":"https:\/\/revealing-project.eu\/pl\/wp-json\/wp\/v2\/product"}],"about":[{"href":"https:\/\/revealing-project.eu\/pl\/wp-json\/wp\/v2\/types\/product"}],"wp:featuredmedia":[{"embeddable":true,"href":"https:\/\/revealing-project.eu\/pl\/wp-json\/wp\/v2\/media\/4362"}],"wp:attachment":[{"href":"https:\/\/revealing-project.eu\/pl\/wp-json\/wp\/v2\/media?parent=5807"}],"wp:term":[{"taxonomy":"product_cat","embeddable":true,"href":"https:\/\/revealing-project.eu\/pl\/wp-json\/wp\/v2\/product_cat?post=5807"},{"taxonomy":"product_tag","embeddable":true,"href":"https:\/\/revealing-project.eu\/pl\/wp-json\/wp\/v2\/product_tag?post=5807"}],"curies":[{"name":"wp","href":"https:\/\/api.w.org\/{rel}","templated":true}]}}