{"id":5808,"date":"2023-07-21T16:24:56","date_gmt":"2023-07-21T13:24:56","guid":{"rendered":"https:\/\/revealing-project.eu\/product\/a-frame\/"},"modified":"2023-07-21T16:25:02","modified_gmt":"2023-07-21T13:25:02","slug":"a-frame","status":"publish","type":"product","link":"https:\/\/revealing-project.eu\/pl\/produkt\/a-frame\/","title":{"rendered":"A-Frame"},"content":{"rendered":"<p>A-Frame to platforma typu open source do tworzenia do\u015bwiadcze\u0144 VR przy u\u017cyciu HTML i JavaScript. Zapewnia prost\u0105, intuicyjn\u0105 sk\u0142adni\u0119 do tworzenia scen 3D, kt\u00f3re mo\u017cna ogl\u0105da\u0107 w VR. A-Frame mo\u017ce by\u0107 u\u017cywany w przegl\u0105darce internetowej lub jako cz\u0119\u015b\u0107 aplikacji mobilnej.<\/p>\n","protected":false},"excerpt":{"rendered":"<p><a class=\"linkbutton\" href=\"https:\/\/aframe.io\"target=_blank rel=\"noopener\">Website<\/a><\/p>\n","protected":false},"featured_media":4052,"template":"","meta":[],"product_cat":[261],"product_tag":[],"_links":{"self":[{"href":"https:\/\/revealing-project.eu\/pl\/wp-json\/wp\/v2\/product\/5808"}],"collection":[{"href":"https:\/\/revealing-project.eu\/pl\/wp-json\/wp\/v2\/product"}],"about":[{"href":"https:\/\/revealing-project.eu\/pl\/wp-json\/wp\/v2\/types\/product"}],"wp:featuredmedia":[{"embeddable":true,"href":"https:\/\/revealing-project.eu\/pl\/wp-json\/wp\/v2\/media\/4052"}],"wp:attachment":[{"href":"https:\/\/revealing-project.eu\/pl\/wp-json\/wp\/v2\/media?parent=5808"}],"wp:term":[{"taxonomy":"product_cat","embeddable":true,"href":"https:\/\/revealing-project.eu\/pl\/wp-json\/wp\/v2\/product_cat?post=5808"},{"taxonomy":"product_tag","embeddable":true,"href":"https:\/\/revealing-project.eu\/pl\/wp-json\/wp\/v2\/product_tag?post=5808"}],"curies":[{"name":"wp","href":"https:\/\/api.w.org\/{rel}","templated":true}]}}