{"id":5809,"date":"2023-07-21T16:25:04","date_gmt":"2023-07-21T13:25:04","guid":{"rendered":"https:\/\/revealing-project.eu\/product\/react-360\/"},"modified":"2023-07-21T16:25:04","modified_gmt":"2023-07-21T13:25:04","slug":"react-360","status":"publish","type":"product","link":"https:\/\/revealing-project.eu\/pl\/produkt\/react-360\/","title":{"rendered":"React 360"},"content":{"rendered":"<p>React 360 to internetowa platforma do budowania do\u015bwiadcze\u0144 VR przy u\u017cyciu biblioteki React.js. React 3630 umo\u017cliwia programistom tworzenie wci\u0105gaj\u0105cych, interaktywnych do\u015bwiadcze\u0144 VR, kt\u00f3re dzia\u0142aj\u0105 bezpo\u015brednio w przegl\u0105darce, bez potrzeby instalowania dodatkowego oprogramowania lub wtyczek. Framework zapewnia szereg komponent\u00f3w i interfejs\u00f3w API, kt\u00f3re umo\u017cliwiaj\u0105 programistom tworzenie scen 3D, dodawanie interaktywno\u015bci i animacji oraz integracj\u0119 ze sprz\u0119tem VR.<\/p>\n","protected":false},"excerpt":{"rendered":"<p><a class=\"linkbutton\" href=\"https:\/\/github.com\/facebookarchive\/react-360\"target=_blank rel=\"noopener\">Website<\/a><\/p>\n","protected":false},"featured_media":4896,"template":"","meta":[],"product_cat":[261],"product_tag":[],"_links":{"self":[{"href":"https:\/\/revealing-project.eu\/pl\/wp-json\/wp\/v2\/product\/5809"}],"collection":[{"href":"https:\/\/revealing-project.eu\/pl\/wp-json\/wp\/v2\/product"}],"about":[{"href":"https:\/\/revealing-project.eu\/pl\/wp-json\/wp\/v2\/types\/product"}],"wp:featuredmedia":[{"embeddable":true,"href":"https:\/\/revealing-project.eu\/pl\/wp-json\/wp\/v2\/media\/4896"}],"wp:attachment":[{"href":"https:\/\/revealing-project.eu\/pl\/wp-json\/wp\/v2\/media?parent=5809"}],"wp:term":[{"taxonomy":"product_cat","embeddable":true,"href":"https:\/\/revealing-project.eu\/pl\/wp-json\/wp\/v2\/product_cat?post=5809"},{"taxonomy":"product_tag","embeddable":true,"href":"https:\/\/revealing-project.eu\/pl\/wp-json\/wp\/v2\/product_tag?post=5809"}],"curies":[{"name":"wp","href":"https:\/\/api.w.org\/{rel}","templated":true}]}}