{"id":5810,"date":"2023-07-21T16:25:04","date_gmt":"2023-07-21T13:25:04","guid":{"rendered":"https:\/\/revealing-project.eu\/product\/sketchfab\/"},"modified":"2023-07-21T16:25:05","modified_gmt":"2023-07-21T13:25:05","slug":"sketchfab-3","status":"publish","type":"product","link":"https:\/\/revealing-project.eu\/pl\/produkt\/sketchfab-3\/","title":{"rendered":"Sketchfab"},"content":{"rendered":"<p>Sketchfab umo\u017cliwia u\u017cytkownikom odkrywanie, publikowanie i udost\u0119pnianie tre\u015bci 3D, w tym modeli, animacji i do\u015bwiadcze\u0144 VR. Jest popularny w\u015br\u00f3d artyst\u00f3w 3D, projektant\u00f3w i tw\u00f3rc\u00f3w, aby zaprezentowa\u0107 swoje prace. U\u017cytkownicy mog\u0105 przesy\u0142a\u0107 modele 3D i inne tre\u015bci w r\u00f3\u017cnych formatach (m.in. OBJ, FBX, STL). Mog\u0105 nak\u0142ada\u0107 tekstury i materia\u0142y, dodawa\u0107 animacje i tworzy\u0107 interaktywne do\u015bwiadczenia.<\/p>\n","protected":false},"excerpt":{"rendered":"<p><a class=\"linkbutton\" href=\"https:\/\/sketchfab.com\/\"target=_blank rel=\"noopener\">Website<\/a><\/p>\n","protected":false},"featured_media":4302,"template":"","meta":[],"product_cat":[261],"product_tag":[],"_links":{"self":[{"href":"https:\/\/revealing-project.eu\/pl\/wp-json\/wp\/v2\/product\/5810"}],"collection":[{"href":"https:\/\/revealing-project.eu\/pl\/wp-json\/wp\/v2\/product"}],"about":[{"href":"https:\/\/revealing-project.eu\/pl\/wp-json\/wp\/v2\/types\/product"}],"wp:featuredmedia":[{"embeddable":true,"href":"https:\/\/revealing-project.eu\/pl\/wp-json\/wp\/v2\/media\/4302"}],"wp:attachment":[{"href":"https:\/\/revealing-project.eu\/pl\/wp-json\/wp\/v2\/media?parent=5810"}],"wp:term":[{"taxonomy":"product_cat","embeddable":true,"href":"https:\/\/revealing-project.eu\/pl\/wp-json\/wp\/v2\/product_cat?post=5810"},{"taxonomy":"product_tag","embeddable":true,"href":"https:\/\/revealing-project.eu\/pl\/wp-json\/wp\/v2\/product_tag?post=5810"}],"curies":[{"name":"wp","href":"https:\/\/api.w.org\/{rel}","templated":true}]}}