{"id":5811,"date":"2023-07-21T16:25:04","date_gmt":"2023-07-21T13:25:04","guid":{"rendered":"https:\/\/revealing-project.eu\/product\/playcanvas\/"},"modified":"2023-07-21T16:25:05","modified_gmt":"2023-07-21T13:25:05","slug":"playcanvas","status":"publish","type":"product","link":"https:\/\/revealing-project.eu\/pl\/produkt\/playcanvas\/","title":{"rendered":"PlayCanvas"},"content":{"rendered":"<p>PlayCanvas to internetowa platforma do tworzenia gier, kt\u00f3ra umo\u017cliwia u\u017cytkownikom tworzenie i publikowanie gier 2D i 3D dla sieci i urz\u0105dze\u0144 mobilnych. u\u017cytkownicy mog\u0105 tworzy\u0107 gry za pomoc\u0105 pot\u0119\u017cnego edytora opartego na przegl\u0105darce, kt\u00f3ry obs\u0142uguje wsp\u00f3\u0142prac\u0119 w czasie rzeczywistym i pozwala na \u0142atwe udost\u0119pnianie i testowanie prototyp\u00f3w gier. Platforma zapewnia r\u00f3\u017cnorodne narz\u0119dzia do tworzenia i animowania zasob\u00f3w 2D i 3D, tworzenia skrypt\u00f3w logiki gry i optymalizacji wydajno\u015bci gry. PlayCanvas zawiera r\u00f3wnie\u017c silnik fizyczny i szerok\u0105 gam\u0119 interfejs\u00f3w API do integracji funkcji gry, takich jak sieci dla wielu graczy, d\u017awi\u0119k i obs\u0142uga danych wej\u015bciowych.<\/p>\n","protected":false},"excerpt":{"rendered":"<p><a class=\"linkbutton\" href=\"https:\/\/playcanvas.com\/\"target=_blank rel=\"noopener\">Website<\/a><\/p>\n","protected":false},"featured_media":4267,"template":"","meta":[],"product_cat":[261],"product_tag":[],"_links":{"self":[{"href":"https:\/\/revealing-project.eu\/pl\/wp-json\/wp\/v2\/product\/5811"}],"collection":[{"href":"https:\/\/revealing-project.eu\/pl\/wp-json\/wp\/v2\/product"}],"about":[{"href":"https:\/\/revealing-project.eu\/pl\/wp-json\/wp\/v2\/types\/product"}],"wp:featuredmedia":[{"embeddable":true,"href":"https:\/\/revealing-project.eu\/pl\/wp-json\/wp\/v2\/media\/4267"}],"wp:attachment":[{"href":"https:\/\/revealing-project.eu\/pl\/wp-json\/wp\/v2\/media?parent=5811"}],"wp:term":[{"taxonomy":"product_cat","embeddable":true,"href":"https:\/\/revealing-project.eu\/pl\/wp-json\/wp\/v2\/product_cat?post=5811"},{"taxonomy":"product_tag","embeddable":true,"href":"https:\/\/revealing-project.eu\/pl\/wp-json\/wp\/v2\/product_tag?post=5811"}],"curies":[{"name":"wp","href":"https:\/\/api.w.org\/{rel}","templated":true}]}}