{"id":5812,"date":"2023-07-21T16:25:04","date_gmt":"2023-07-21T13:25:04","guid":{"rendered":"https:\/\/revealing-project.eu\/product\/janusvr\/"},"modified":"2023-07-21T16:25:05","modified_gmt":"2023-07-21T13:25:05","slug":"janusvr","status":"publish","type":"product","link":"https:\/\/revealing-project.eu\/pl\/produkt\/janusvr\/","title":{"rendered":"JanusVR"},"content":{"rendered":"<p>JanusVR umo\u017cliwia u\u017cytkownikom budowanie, eksploracj\u0119 i udost\u0119pnianie wirtualnych przestrzeni w czasie rzeczywistym, bez potrzeby posiadania specjalistycznego oprogramowania lub sprz\u0119tu. Zapewnia r\u00f3\u017cnorodne narz\u0119dzia do tworzenia wirtualnych \u015bwiat\u00f3w, w tym interfejs do modelowania 3D, silnik skryptowy i bibliotek\u0119 obiekt\u00f3w. U\u017cytkownicy mog\u0105 tworzy\u0107 interaktywne obiekty, programowa\u0107 z\u0142o\u017cone zachowania i projektowa\u0107 od podstaw w\u0142asne \u015brodowiska wirtualne lub importowa\u0107 istniej\u0105ce modele 3D z innego oprogramowania. Po utworzeniu wirtualne \u015bwiaty mo\u017cna udost\u0119pnia\u0107 innym za po\u015brednictwem sieci JanusVR, kt\u00f3ra umo\u017cliwia interakcj\u0119 i wsp\u00f3\u0142prac\u0119 w czasie rzeczywistym.<\/p>\n","protected":false},"excerpt":{"rendered":"<p><a class=\"linkbutton\" href=\"https:\/\/www.janusvr.com\/\"target=_blank rel=\"noopener\">Website<\/a><\/p>\n","protected":false},"featured_media":4197,"template":"","meta":[],"product_cat":[261],"product_tag":[],"_links":{"self":[{"href":"https:\/\/revealing-project.eu\/pl\/wp-json\/wp\/v2\/product\/5812"}],"collection":[{"href":"https:\/\/revealing-project.eu\/pl\/wp-json\/wp\/v2\/product"}],"about":[{"href":"https:\/\/revealing-project.eu\/pl\/wp-json\/wp\/v2\/types\/product"}],"wp:featuredmedia":[{"embeddable":true,"href":"https:\/\/revealing-project.eu\/pl\/wp-json\/wp\/v2\/media\/4197"}],"wp:attachment":[{"href":"https:\/\/revealing-project.eu\/pl\/wp-json\/wp\/v2\/media?parent=5812"}],"wp:term":[{"taxonomy":"product_cat","embeddable":true,"href":"https:\/\/revealing-project.eu\/pl\/wp-json\/wp\/v2\/product_cat?post=5812"},{"taxonomy":"product_tag","embeddable":true,"href":"https:\/\/revealing-project.eu\/pl\/wp-json\/wp\/v2\/product_tag?post=5812"}],"curies":[{"name":"wp","href":"https:\/\/api.w.org\/{rel}","templated":true}]}}