{"id":5813,"date":"2023-07-21T16:25:04","date_gmt":"2023-07-21T13:25:04","guid":{"rendered":"https:\/\/revealing-project.eu\/product\/webvr-notepad\/"},"modified":"2023-07-21T16:25:05","modified_gmt":"2023-07-21T13:25:05","slug":"webvr-notepad","status":"publish","type":"product","link":"https:\/\/revealing-project.eu\/pl\/produkt\/webvr-notepad\/","title":{"rendered":"WebVR Notepad"},"content":{"rendered":"<p>Notatnik WebVR umo\u017cliwia u\u017cytkownikom tworzenie i przegl\u0105danie podstawowych scen VR za pomoc\u0105 edytora tekstu. Zosta\u0142 zaprojektowany tak, aby by\u0142 \u0142atwy w u\u017cyciu nawet dla u\u017cytkownik\u00f3w z ograniczonymi umiej\u0119tno\u015bciami kodowania lub technicznymi. U\u017cytkownicy mog\u0105 tworzy\u0107 i edytowa\u0107 sceny VR przy u\u017cyciu prostej sk\u0142adni podobnej do HTML. Narz\u0119dzie obs\u0142uguje podstawowe kszta\u0142ty i prymitywy, a tak\u017ce tekstury, kolory i o\u015bwietlenie. Notatnik WebVR to narz\u0119dzie typu open source, a kod \u017ar\u00f3d\u0142owy jest dost\u0119pny na GitHub, aby u\u017cytkownicy mogli go modyfikowa\u0107 i ulepsza\u0107.<\/p>\n","protected":false},"excerpt":{"rendered":"<p><a class=\"linkbutton\" href=\"https:\/\/webvr.info\/\"target=_blank rel=\"noopener\">Website<\/a><\/p>\n","protected":false},"featured_media":4402,"template":"","meta":[],"product_cat":[261],"product_tag":[],"_links":{"self":[{"href":"https:\/\/revealing-project.eu\/pl\/wp-json\/wp\/v2\/product\/5813"}],"collection":[{"href":"https:\/\/revealing-project.eu\/pl\/wp-json\/wp\/v2\/product"}],"about":[{"href":"https:\/\/revealing-project.eu\/pl\/wp-json\/wp\/v2\/types\/product"}],"wp:featuredmedia":[{"embeddable":true,"href":"https:\/\/revealing-project.eu\/pl\/wp-json\/wp\/v2\/media\/4402"}],"wp:attachment":[{"href":"https:\/\/revealing-project.eu\/pl\/wp-json\/wp\/v2\/media?parent=5813"}],"wp:term":[{"taxonomy":"product_cat","embeddable":true,"href":"https:\/\/revealing-project.eu\/pl\/wp-json\/wp\/v2\/product_cat?post=5813"},{"taxonomy":"product_tag","embeddable":true,"href":"https:\/\/revealing-project.eu\/pl\/wp-json\/wp\/v2\/product_tag?post=5813"}],"curies":[{"name":"wp","href":"https:\/\/api.w.org\/{rel}","templated":true}]}}