{"id":5814,"date":"2023-07-21T16:25:04","date_gmt":"2023-07-21T13:25:04","guid":{"rendered":"https:\/\/revealing-project.eu\/product\/vizorvr\/"},"modified":"2023-07-21T16:25:06","modified_gmt":"2023-07-21T13:25:06","slug":"vizorvr","status":"publish","type":"product","link":"https:\/\/revealing-project.eu\/pl\/produkt\/vizorvr\/","title":{"rendered":"VizorVR"},"content":{"rendered":"<p>VizorVR to narz\u0119dzie do edycji i tworzenia webVR. Mo\u017cesz wsp\u00f3\u0142edytowa\u0107 do\u015bwiadczenia ze znajomym (np. Dokumenty Google) i pozwala to na tworzenie cyfrowego \u015bwiata. Ma wiele opcji interaktywno\u015bci i efekt\u00f3w.<\/p>\n","protected":false},"excerpt":{"rendered":"<p><a class=\"linkbutton\" href=\"https:\/\/site.vizor.io\/\"target=_blank rel=\"noopener\">Website<\/a><\/p>\n","protected":false},"featured_media":4382,"template":"","meta":[],"product_cat":[261],"product_tag":[],"_links":{"self":[{"href":"https:\/\/revealing-project.eu\/pl\/wp-json\/wp\/v2\/product\/5814"}],"collection":[{"href":"https:\/\/revealing-project.eu\/pl\/wp-json\/wp\/v2\/product"}],"about":[{"href":"https:\/\/revealing-project.eu\/pl\/wp-json\/wp\/v2\/types\/product"}],"wp:featuredmedia":[{"embeddable":true,"href":"https:\/\/revealing-project.eu\/pl\/wp-json\/wp\/v2\/media\/4382"}],"wp:attachment":[{"href":"https:\/\/revealing-project.eu\/pl\/wp-json\/wp\/v2\/media?parent=5814"}],"wp:term":[{"taxonomy":"product_cat","embeddable":true,"href":"https:\/\/revealing-project.eu\/pl\/wp-json\/wp\/v2\/product_cat?post=5814"},{"taxonomy":"product_tag","embeddable":true,"href":"https:\/\/revealing-project.eu\/pl\/wp-json\/wp\/v2\/product_tag?post=5814"}],"curies":[{"name":"wp","href":"https:\/\/api.w.org\/{rel}","templated":true}]}}