{"id":5815,"date":"2023-07-21T16:25:04","date_gmt":"2023-07-21T13:25:04","guid":{"rendered":"https:\/\/revealing-project.eu\/product\/mozilla-hubs\/"},"modified":"2023-07-21T16:25:06","modified_gmt":"2023-07-21T13:25:06","slug":"mozilla-hubs","status":"publish","type":"product","link":"https:\/\/revealing-project.eu\/pl\/produkt\/mozilla-hubs\/","title":{"rendered":"Mozilla Hubs"},"content":{"rendered":"<p>Hubs to pok\u00f3j rozm\u00f3w VR przeznaczony dla ka\u017cdego zestawu s\u0142uchawkowego i przegl\u0105darki, ale jest to r\u00f3wnie\u017c projekt typu open source, kt\u00f3ry bada, w jaki spos\u00f3b komunikacja w rzeczywisto\u015bci mieszanej mo\u017ce o\u017cy\u0107. Wejd\u017a do jednego z naszych wirtualnych pokoi lub zbuduj go od podstaw.<\/p>\n","protected":false},"excerpt":{"rendered":"<p><a class=\"linkbutton\" href=\"https:\/\/hubs.mozilla.com\/\"target=_blank rel=\"noopener\">Website<\/a><\/p>\n","protected":false},"featured_media":4252,"template":"","meta":[],"product_cat":[261],"product_tag":[],"_links":{"self":[{"href":"https:\/\/revealing-project.eu\/pl\/wp-json\/wp\/v2\/product\/5815"}],"collection":[{"href":"https:\/\/revealing-project.eu\/pl\/wp-json\/wp\/v2\/product"}],"about":[{"href":"https:\/\/revealing-project.eu\/pl\/wp-json\/wp\/v2\/types\/product"}],"wp:featuredmedia":[{"embeddable":true,"href":"https:\/\/revealing-project.eu\/pl\/wp-json\/wp\/v2\/media\/4252"}],"wp:attachment":[{"href":"https:\/\/revealing-project.eu\/pl\/wp-json\/wp\/v2\/media?parent=5815"}],"wp:term":[{"taxonomy":"product_cat","embeddable":true,"href":"https:\/\/revealing-project.eu\/pl\/wp-json\/wp\/v2\/product_cat?post=5815"},{"taxonomy":"product_tag","embeddable":true,"href":"https:\/\/revealing-project.eu\/pl\/wp-json\/wp\/v2\/product_tag?post=5815"}],"curies":[{"name":"wp","href":"https:\/\/api.w.org\/{rel}","templated":true}]}}