{"id":5816,"date":"2023-07-21T16:25:04","date_gmt":"2023-07-21T13:25:04","guid":{"rendered":"https:\/\/revealing-project.eu\/product\/babylon-js\/"},"modified":"2023-07-21T16:25:06","modified_gmt":"2023-07-21T13:25:06","slug":"babylon-js","status":"publish","type":"product","link":"https:\/\/revealing-project.eu\/pl\/produkt\/babylon-js\/","title":{"rendered":"Babylon.JS"},"content":{"rendered":"<p>Babylon.js to silnik 3D dzia\u0142aj\u0105cy w czasie rzeczywistym, wykorzystuj\u0105cy bibliotek\u0119 JavaScript do wy\u015bwietlania grafiki 3D w przegl\u0105darce internetowej za po\u015brednictwem HTML5. Kod \u017ar\u00f3d\u0142owy jest dost\u0119pny na GitHub i dystrybuowany na licencji Apache 2.0.<\/p>\n","protected":false},"excerpt":{"rendered":"<p><a class=\"linkbutton\" href=\"https:\/\/www.babylonjs.com\/\"target=_blank rel=\"noopener\">Website<\/a><\/p>\n","protected":false},"featured_media":4082,"template":"","meta":[],"product_cat":[261],"product_tag":[],"_links":{"self":[{"href":"https:\/\/revealing-project.eu\/pl\/wp-json\/wp\/v2\/product\/5816"}],"collection":[{"href":"https:\/\/revealing-project.eu\/pl\/wp-json\/wp\/v2\/product"}],"about":[{"href":"https:\/\/revealing-project.eu\/pl\/wp-json\/wp\/v2\/types\/product"}],"wp:featuredmedia":[{"embeddable":true,"href":"https:\/\/revealing-project.eu\/pl\/wp-json\/wp\/v2\/media\/4082"}],"wp:attachment":[{"href":"https:\/\/revealing-project.eu\/pl\/wp-json\/wp\/v2\/media?parent=5816"}],"wp:term":[{"taxonomy":"product_cat","embeddable":true,"href":"https:\/\/revealing-project.eu\/pl\/wp-json\/wp\/v2\/product_cat?post=5816"},{"taxonomy":"product_tag","embeddable":true,"href":"https:\/\/revealing-project.eu\/pl\/wp-json\/wp\/v2\/product_tag?post=5816"}],"curies":[{"name":"wp","href":"https:\/\/api.w.org\/{rel}","templated":true}]}}