{"id":5817,"date":"2023-07-21T16:25:04","date_gmt":"2023-07-21T13:25:04","guid":{"rendered":"https:\/\/revealing-project.eu\/product\/three-js\/"},"modified":"2023-07-21T16:25:07","modified_gmt":"2023-07-21T13:25:07","slug":"three-js","status":"publish","type":"product","link":"https:\/\/revealing-project.eu\/pl\/produkt\/three-js\/","title":{"rendered":"three.js"},"content":{"rendered":"<p>Three.js to biblioteka JavaScript obs\u0142uguj\u0105ca wiele przegl\u0105darek i interfejs programowania aplikacji s\u0142u\u017c\u0105cy do tworzenia i wy\u015bwietlania animowanej grafiki komputerowej 3D w przegl\u0105darce internetowej przy u\u017cyciu WebGL. Kod \u017ar\u00f3d\u0142owy jest przechowywany w repozytorium na GitHub.<\/p>\n","protected":false},"excerpt":{"rendered":"<p><a class=\"linkbutton\" href=\"https:\/\/threejs.org\/\"target=_blank rel=\"noopener\">Website<\/a><\/p>\n","protected":false},"featured_media":4342,"template":"","meta":[],"product_cat":[261],"product_tag":[],"_links":{"self":[{"href":"https:\/\/revealing-project.eu\/pl\/wp-json\/wp\/v2\/product\/5817"}],"collection":[{"href":"https:\/\/revealing-project.eu\/pl\/wp-json\/wp\/v2\/product"}],"about":[{"href":"https:\/\/revealing-project.eu\/pl\/wp-json\/wp\/v2\/types\/product"}],"wp:featuredmedia":[{"embeddable":true,"href":"https:\/\/revealing-project.eu\/pl\/wp-json\/wp\/v2\/media\/4342"}],"wp:attachment":[{"href":"https:\/\/revealing-project.eu\/pl\/wp-json\/wp\/v2\/media?parent=5817"}],"wp:term":[{"taxonomy":"product_cat","embeddable":true,"href":"https:\/\/revealing-project.eu\/pl\/wp-json\/wp\/v2\/product_cat?post=5817"},{"taxonomy":"product_tag","embeddable":true,"href":"https:\/\/revealing-project.eu\/pl\/wp-json\/wp\/v2\/product_tag?post=5817"}],"curies":[{"name":"wp","href":"https:\/\/api.w.org\/{rel}","templated":true}]}}