{"id":5818,"date":"2023-07-21T16:25:04","date_gmt":"2023-07-21T13:25:04","guid":{"rendered":"https:\/\/revealing-project.eu\/product\/xseen\/"},"modified":"2023-07-21T16:25:07","modified_gmt":"2023-07-21T13:25:07","slug":"xseen","status":"publish","type":"product","link":"https:\/\/revealing-project.eu\/pl\/produkt\/xseen\/","title":{"rendered":"Xseen"},"content":{"rendered":"<p>XSeen to framework do integracji i manipulowania deklaratywnymi scenami 3D jako elementami HTML5 DOM, kt\u00f3re s\u0105 renderowane przez WebGL za pomoc\u0105 THREE.js. System open source umo\u017cliwia deklaratywne definiowanie opisu sceny 3D i zachowania w czasie wykonywania, bez niskopoziomowego kodu JavaScript lub GLSL.<\/p>\n","protected":false},"excerpt":{"rendered":"<p><a class=\"linkbutton\" href=\"https:\/\/xseen.org\/,\"target=_blank rel=\"noopener\">Website<\/a><\/p>\n","protected":false},"featured_media":4417,"template":"","meta":[],"product_cat":[261],"product_tag":[],"_links":{"self":[{"href":"https:\/\/revealing-project.eu\/pl\/wp-json\/wp\/v2\/product\/5818"}],"collection":[{"href":"https:\/\/revealing-project.eu\/pl\/wp-json\/wp\/v2\/product"}],"about":[{"href":"https:\/\/revealing-project.eu\/pl\/wp-json\/wp\/v2\/types\/product"}],"wp:featuredmedia":[{"embeddable":true,"href":"https:\/\/revealing-project.eu\/pl\/wp-json\/wp\/v2\/media\/4417"}],"wp:attachment":[{"href":"https:\/\/revealing-project.eu\/pl\/wp-json\/wp\/v2\/media?parent=5818"}],"wp:term":[{"taxonomy":"product_cat","embeddable":true,"href":"https:\/\/revealing-project.eu\/pl\/wp-json\/wp\/v2\/product_cat?post=5818"},{"taxonomy":"product_tag","embeddable":true,"href":"https:\/\/revealing-project.eu\/pl\/wp-json\/wp\/v2\/product_tag?post=5818"}],"curies":[{"name":"wp","href":"https:\/\/api.w.org\/{rel}","templated":true}]}}