{"id":5819,"date":"2023-07-21T16:25:04","date_gmt":"2023-07-21T13:25:04","guid":{"rendered":"https:\/\/revealing-project.eu\/product\/tinkercad\/"},"modified":"2023-07-21T16:25:07","modified_gmt":"2023-07-21T13:25:07","slug":"tinkercad","status":"publish","type":"product","link":"https:\/\/revealing-project.eu\/pl\/produkt\/tinkercad\/","title":{"rendered":"Tinkercad"},"content":{"rendered":"<p>Tinkercad to bezp\u0142atny, internetowy program do modelowania 3D, kt\u00f3ry dzia\u0142a w przegl\u0105darce internetowej. Odk\u0105d sta\u0142 si\u0119 dost\u0119pny w 2011 roku, sta\u0142 si\u0119 popularn\u0105 platform\u0105 do tworzenia modeli do druku 3D, a tak\u017ce podstawowym wprowadzeniem do konstruktywnej geometrii bry\u0142owej w szko\u0142ach.<\/p>\n","protected":false},"excerpt":{"rendered":"<p><a class=\"linkbutton\" href=\"https:\/\/www.tinkercad.com\"target=_blank rel=\"noopener\">Website<\/a><\/p>\n","protected":false},"featured_media":4347,"template":"","meta":[],"product_cat":[261],"product_tag":[],"_links":{"self":[{"href":"https:\/\/revealing-project.eu\/pl\/wp-json\/wp\/v2\/product\/5819"}],"collection":[{"href":"https:\/\/revealing-project.eu\/pl\/wp-json\/wp\/v2\/product"}],"about":[{"href":"https:\/\/revealing-project.eu\/pl\/wp-json\/wp\/v2\/types\/product"}],"wp:featuredmedia":[{"embeddable":true,"href":"https:\/\/revealing-project.eu\/pl\/wp-json\/wp\/v2\/media\/4347"}],"wp:attachment":[{"href":"https:\/\/revealing-project.eu\/pl\/wp-json\/wp\/v2\/media?parent=5819"}],"wp:term":[{"taxonomy":"product_cat","embeddable":true,"href":"https:\/\/revealing-project.eu\/pl\/wp-json\/wp\/v2\/product_cat?post=5819"},{"taxonomy":"product_tag","embeddable":true,"href":"https:\/\/revealing-project.eu\/pl\/wp-json\/wp\/v2\/product_tag?post=5819"}],"curies":[{"name":"wp","href":"https:\/\/api.w.org\/{rel}","templated":true}]}}