{"id":5820,"date":"2023-07-21T16:25:04","date_gmt":"2023-07-21T13:25:04","guid":{"rendered":"https:\/\/revealing-project.eu\/product\/adobe\/"},"modified":"2023-07-21T16:25:07","modified_gmt":"2023-07-21T13:25:07","slug":"adobe","status":"publish","type":"product","link":"https:\/\/revealing-project.eu\/pl\/produkt\/adobe\/","title":{"rendered":"Adobe"},"content":{"rendered":"<p>Adobe Substance 3D to zestaw narz\u0119dzi programowych i zasob\u00f3w, kt\u00f3re umo\u017cliwiaj\u0105 u\u017cytkownikom tworzenie, projektowanie i manipulowanie zawarto\u015bci\u0105 3D. Ekosystem obejmuje szereg aplikacji i us\u0142ug, takich jak Substance 3D Painter, Substance 3D Designer i Substance 3D Sampler, kt\u00f3re zapewniaj\u0105 kompleksowy zestaw narz\u0119dzi do tworzenia, teksturowania i renderowania modeli 3D.<\/p>\n","protected":false},"excerpt":{"rendered":"<p><a class=\"linkbutton\" href=\"https:\/\/www.adobe.com\/creativecloud\/3d-ar.html?sdid=GMCWY78R&#038;mv=search&#038;gclid=EAIaIQobChMIl6LAsr7T_QIVgJBoCR15wg4sEAAYAiAAEgK4ovD_BwE\"target=_blank rel=\"noopener\">Website<\/a><\/p>\n","protected":false},"featured_media":4057,"template":"","meta":[],"product_cat":[261],"product_tag":[],"_links":{"self":[{"href":"https:\/\/revealing-project.eu\/pl\/wp-json\/wp\/v2\/product\/5820"}],"collection":[{"href":"https:\/\/revealing-project.eu\/pl\/wp-json\/wp\/v2\/product"}],"about":[{"href":"https:\/\/revealing-project.eu\/pl\/wp-json\/wp\/v2\/types\/product"}],"wp:featuredmedia":[{"embeddable":true,"href":"https:\/\/revealing-project.eu\/pl\/wp-json\/wp\/v2\/media\/4057"}],"wp:attachment":[{"href":"https:\/\/revealing-project.eu\/pl\/wp-json\/wp\/v2\/media?parent=5820"}],"wp:term":[{"taxonomy":"product_cat","embeddable":true,"href":"https:\/\/revealing-project.eu\/pl\/wp-json\/wp\/v2\/product_cat?post=5820"},{"taxonomy":"product_tag","embeddable":true,"href":"https:\/\/revealing-project.eu\/pl\/wp-json\/wp\/v2\/product_tag?post=5820"}],"curies":[{"name":"wp","href":"https:\/\/api.w.org\/{rel}","templated":true}]}}