{"id":5821,"date":"2023-07-21T16:25:04","date_gmt":"2023-07-21T13:25:04","guid":{"rendered":"https:\/\/revealing-project.eu\/product\/vectary\/"},"modified":"2023-07-21T16:25:08","modified_gmt":"2023-07-21T13:25:08","slug":"vectary","status":"publish","type":"product","link":"https:\/\/revealing-project.eu\/pl\/produkt\/vectary\/","title":{"rendered":"Vectary"},"content":{"rendered":"<p>Vectary to internetowe narz\u0119dzie do projektowania 3D, kt\u00f3re umo\u017cliwia u\u017cytkownikom tworzenie, dostosowywanie i eksportowanie modeli 3D do r\u00f3\u017cnych cel\u00f3w. Jest dost\u0119pny do u\u017cytku w dowolnej przegl\u0105darce internetowej i nie wymaga specjalnego sprz\u0119tu ani oprogramowania.<\/p>\n","protected":false},"excerpt":{"rendered":"<p><a class=\"linkbutton\" href=\"https:\/\/www.vectary.com\/\"target=_blank rel=\"noopener\">Website<\/a><\/p>\n","protected":false},"featured_media":4367,"template":"","meta":[],"product_cat":[261],"product_tag":[],"_links":{"self":[{"href":"https:\/\/revealing-project.eu\/pl\/wp-json\/wp\/v2\/product\/5821"}],"collection":[{"href":"https:\/\/revealing-project.eu\/pl\/wp-json\/wp\/v2\/product"}],"about":[{"href":"https:\/\/revealing-project.eu\/pl\/wp-json\/wp\/v2\/types\/product"}],"wp:featuredmedia":[{"embeddable":true,"href":"https:\/\/revealing-project.eu\/pl\/wp-json\/wp\/v2\/media\/4367"}],"wp:attachment":[{"href":"https:\/\/revealing-project.eu\/pl\/wp-json\/wp\/v2\/media?parent=5821"}],"wp:term":[{"taxonomy":"product_cat","embeddable":true,"href":"https:\/\/revealing-project.eu\/pl\/wp-json\/wp\/v2\/product_cat?post=5821"},{"taxonomy":"product_tag","embeddable":true,"href":"https:\/\/revealing-project.eu\/pl\/wp-json\/wp\/v2\/product_tag?post=5821"}],"curies":[{"name":"wp","href":"https:\/\/api.w.org\/{rel}","templated":true}]}}