{"id":5822,"date":"2023-07-21T16:25:04","date_gmt":"2023-07-21T13:25:04","guid":{"rendered":"https:\/\/revealing-project.eu\/product\/sculptgl\/"},"modified":"2023-07-21T16:25:08","modified_gmt":"2023-07-21T13:25:08","slug":"sculptgl","status":"publish","type":"product","link":"https:\/\/revealing-project.eu\/pl\/produkt\/sculptgl\/","title":{"rendered":"SculptGL"},"content":{"rendered":"<p>SculptGL to internetowe narz\u0119dzie do rze\u017abienia, kt\u00f3re umo\u017cliwia u\u017cytkownikom tworzenie modeli 3D bezpo\u015brednio w przegl\u0105darce internetowej. Mo\u017ce by\u0107 u\u017cywany na dowolnym urz\u0105dzeniu obs\u0142uguj\u0105cym przegl\u0105danie stron internetowych, w tym Komputery stacjonarne, laptopy, Tablety i Smartfony. Nie wymaga \u017cadnego dodatkowego sprz\u0119tu ani oprogramowania, dzi\u0119ki czemu jest \u0142atwo dost\u0119pny dla ka\u017cdego, kto ma po\u0142\u0105czenie z Internetem.<\/p>\n","protected":false},"excerpt":{"rendered":"<p><a class=\"linkbutton\" href=\"https:\/\/stephaneginier.com\/sculptgl\/\"target=_blank rel=\"noopener\">Website<\/a><\/p>\n","protected":false},"featured_media":4292,"template":"","meta":[],"product_cat":[261],"product_tag":[],"_links":{"self":[{"href":"https:\/\/revealing-project.eu\/pl\/wp-json\/wp\/v2\/product\/5822"}],"collection":[{"href":"https:\/\/revealing-project.eu\/pl\/wp-json\/wp\/v2\/product"}],"about":[{"href":"https:\/\/revealing-project.eu\/pl\/wp-json\/wp\/v2\/types\/product"}],"wp:featuredmedia":[{"embeddable":true,"href":"https:\/\/revealing-project.eu\/pl\/wp-json\/wp\/v2\/media\/4292"}],"wp:attachment":[{"href":"https:\/\/revealing-project.eu\/pl\/wp-json\/wp\/v2\/media?parent=5822"}],"wp:term":[{"taxonomy":"product_cat","embeddable":true,"href":"https:\/\/revealing-project.eu\/pl\/wp-json\/wp\/v2\/product_cat?post=5822"},{"taxonomy":"product_tag","embeddable":true,"href":"https:\/\/revealing-project.eu\/pl\/wp-json\/wp\/v2\/product_tag?post=5822"}],"curies":[{"name":"wp","href":"https:\/\/api.w.org\/{rel}","templated":true}]}}