{"id":5823,"date":"2023-07-21T16:25:04","date_gmt":"2023-07-21T13:25:04","guid":{"rendered":"https:\/\/revealing-project.eu\/product\/zbrushcoremini\/"},"modified":"2023-07-21T16:25:08","modified_gmt":"2023-07-21T13:25:08","slug":"zbrushcoremini","status":"publish","type":"product","link":"https:\/\/revealing-project.eu\/pl\/produkt\/zbrushcoremini\/","title":{"rendered":"ZBrushCoreMini"},"content":{"rendered":"<p>ZBrushCoreMini to cyfrowe oprogramowanie do rze\u017abienia przeznaczone dla pocz\u0105tkuj\u0105cych i entuzjast\u00f3w. Jest dost\u0119pny na komputery z Windowsem i Apple.<\/p>\n","protected":false},"excerpt":{"rendered":"<p><a class=\"linkbutton\" href=\"https:\/\/www.maxon.net\/en\/zbrushcoremini\"target=_blank rel=\"noopener\">Website<\/a><\/p>\n","protected":false},"featured_media":4422,"template":"","meta":[],"product_cat":[261],"product_tag":[],"_links":{"self":[{"href":"https:\/\/revealing-project.eu\/pl\/wp-json\/wp\/v2\/product\/5823"}],"collection":[{"href":"https:\/\/revealing-project.eu\/pl\/wp-json\/wp\/v2\/product"}],"about":[{"href":"https:\/\/revealing-project.eu\/pl\/wp-json\/wp\/v2\/types\/product"}],"wp:featuredmedia":[{"embeddable":true,"href":"https:\/\/revealing-project.eu\/pl\/wp-json\/wp\/v2\/media\/4422"}],"wp:attachment":[{"href":"https:\/\/revealing-project.eu\/pl\/wp-json\/wp\/v2\/media?parent=5823"}],"wp:term":[{"taxonomy":"product_cat","embeddable":true,"href":"https:\/\/revealing-project.eu\/pl\/wp-json\/wp\/v2\/product_cat?post=5823"},{"taxonomy":"product_tag","embeddable":true,"href":"https:\/\/revealing-project.eu\/pl\/wp-json\/wp\/v2\/product_tag?post=5823"}],"curies":[{"name":"wp","href":"https:\/\/api.w.org\/{rel}","templated":true}]}}