{"id":5824,"date":"2023-07-21T16:25:04","date_gmt":"2023-07-21T13:25:04","guid":{"rendered":"https:\/\/revealing-project.eu\/product\/sketchup\/"},"modified":"2023-07-21T16:25:09","modified_gmt":"2023-07-21T13:25:09","slug":"sketchup","status":"publish","type":"product","link":"https:\/\/revealing-project.eu\/pl\/produkt\/sketchup\/","title":{"rendered":"SketchUp"},"content":{"rendered":"<p>SketchUp to oprogramowanie do modelowania 3D u\u017cywane w szerokim zakresie zastosowa\u0144 rysunkowych, takich jak architektura, projektowanie wn\u0119trz, in\u017cynieria l\u0105dowa i mechaniczna, projektowanie film\u00f3w i gier wideo. Jest dost\u0119pny do u\u017cytku na komputerach stacjonarnych, komputerach z systemem Windows lub Mac OS oraz jako aplikacja internetowa o nazwie SketchUp for Web. Mo\u017cna go r\u00f3wnie\u017c u\u017cywa\u0107 na urz\u0105dzeniach mobilnych z przegl\u0105dark\u0105 mobiln\u0105 SketchUp.<\/p>\n","protected":false},"excerpt":{"rendered":"<p><a class=\"linkbutton\" href=\"https:\/\/www.sketchup.ibercad.pt\/?gclid=CjwKCAjw3ueiBhBmEiwA4BhspIkii_8hLJJgXvvYXvYaW9E6WyHyrm8J9EbECWiL3sKUXRSFJwzQ0hoCK4EQAvD_BwE\"target=_blank rel=\"noopener\">Website<\/a><\/p>\n","protected":false},"featured_media":4307,"template":"","meta":[],"product_cat":[261],"product_tag":[],"_links":{"self":[{"href":"https:\/\/revealing-project.eu\/pl\/wp-json\/wp\/v2\/product\/5824"}],"collection":[{"href":"https:\/\/revealing-project.eu\/pl\/wp-json\/wp\/v2\/product"}],"about":[{"href":"https:\/\/revealing-project.eu\/pl\/wp-json\/wp\/v2\/types\/product"}],"wp:featuredmedia":[{"embeddable":true,"href":"https:\/\/revealing-project.eu\/pl\/wp-json\/wp\/v2\/media\/4307"}],"wp:attachment":[{"href":"https:\/\/revealing-project.eu\/pl\/wp-json\/wp\/v2\/media?parent=5824"}],"wp:term":[{"taxonomy":"product_cat","embeddable":true,"href":"https:\/\/revealing-project.eu\/pl\/wp-json\/wp\/v2\/product_cat?post=5824"},{"taxonomy":"product_tag","embeddable":true,"href":"https:\/\/revealing-project.eu\/pl\/wp-json\/wp\/v2\/product_tag?post=5824"}],"curies":[{"name":"wp","href":"https:\/\/api.w.org\/{rel}","templated":true}]}}