{"id":5825,"date":"2023-07-21T16:25:04","date_gmt":"2023-07-21T13:25:04","guid":{"rendered":"https:\/\/revealing-project.eu\/product\/wings-3d\/"},"modified":"2023-07-21T16:25:09","modified_gmt":"2023-07-21T13:25:09","slug":"wings-3d","status":"publish","type":"product","link":"https:\/\/revealing-project.eu\/pl\/produkt\/wings-3d\/","title":{"rendered":"Wings 3D"},"content":{"rendered":"<p>Wings 3D to bezp\u0142atne i otwarte oprogramowanie do modelowania 3D dost\u0119pne dla system\u00f3w operacyjnych Windows, macOS i Linux. Mo\u017ce by\u0107 u\u017cywany na Komputerach stacjonarnych lub laptopach Komputery z kompatybilnymi specyfikacjami sprz\u0119towymi. Jednak nie jest on zaprojektowany ani zoptymalizowany do u\u017cytku z wirtualn\u0105 rzeczywisto\u015bci\u0105 lub innymi technologiami immersyjnymi.<\/p>\n","protected":false},"excerpt":{"rendered":"<p><a class=\"linkbutton\" href=\"http:\/\/www.wings3d.com\"target=_blank rel=\"noopener\">Website<\/a><\/p>\n","protected":false},"featured_media":4916,"template":"","meta":[],"product_cat":[261],"product_tag":[],"_links":{"self":[{"href":"https:\/\/revealing-project.eu\/pl\/wp-json\/wp\/v2\/product\/5825"}],"collection":[{"href":"https:\/\/revealing-project.eu\/pl\/wp-json\/wp\/v2\/product"}],"about":[{"href":"https:\/\/revealing-project.eu\/pl\/wp-json\/wp\/v2\/types\/product"}],"wp:featuredmedia":[{"embeddable":true,"href":"https:\/\/revealing-project.eu\/pl\/wp-json\/wp\/v2\/media\/4916"}],"wp:attachment":[{"href":"https:\/\/revealing-project.eu\/pl\/wp-json\/wp\/v2\/media?parent=5825"}],"wp:term":[{"taxonomy":"product_cat","embeddable":true,"href":"https:\/\/revealing-project.eu\/pl\/wp-json\/wp\/v2\/product_cat?post=5825"},{"taxonomy":"product_tag","embeddable":true,"href":"https:\/\/revealing-project.eu\/pl\/wp-json\/wp\/v2\/product_tag?post=5825"}],"curies":[{"name":"wp","href":"https:\/\/api.w.org\/{rel}","templated":true}]}}