{"id":5826,"date":"2023-07-21T16:25:04","date_gmt":"2023-07-21T13:25:04","guid":{"rendered":"https:\/\/revealing-project.eu\/product\/leopoly\/"},"modified":"2023-07-21T16:25:09","modified_gmt":"2023-07-21T13:25:09","slug":"leopoly","status":"publish","type":"product","link":"https:\/\/revealing-project.eu\/pl\/produkt\/leopoly\/","title":{"rendered":"Leopoly"},"content":{"rendered":"<p>Leopoly to oparta na chmurze platforma do tworzenia 3D, do kt\u00f3rej mo\u017cna uzyska\u0107 dost\u0119p za po\u015brednictwem przegl\u0105darki internetowej na komputerze lub tablecie. Nie wymaga \u017cadnego specjalnego wyposa\u017cenia ani sprz\u0119tu, poniewa\u017c oprogramowanie dzia\u0142a ca\u0142kowicie w chmurze.<\/p>\n","protected":false},"excerpt":{"rendered":"<p><a class=\"linkbutton\" href=\"https:\/\/makers.leopoly.com\/\"target=_blank rel=\"noopener\">Website<\/a><\/p>\n","protected":false},"featured_media":4212,"template":"","meta":[],"product_cat":[261],"product_tag":[],"_links":{"self":[{"href":"https:\/\/revealing-project.eu\/pl\/wp-json\/wp\/v2\/product\/5826"}],"collection":[{"href":"https:\/\/revealing-project.eu\/pl\/wp-json\/wp\/v2\/product"}],"about":[{"href":"https:\/\/revealing-project.eu\/pl\/wp-json\/wp\/v2\/types\/product"}],"wp:featuredmedia":[{"embeddable":true,"href":"https:\/\/revealing-project.eu\/pl\/wp-json\/wp\/v2\/media\/4212"}],"wp:attachment":[{"href":"https:\/\/revealing-project.eu\/pl\/wp-json\/wp\/v2\/media?parent=5826"}],"wp:term":[{"taxonomy":"product_cat","embeddable":true,"href":"https:\/\/revealing-project.eu\/pl\/wp-json\/wp\/v2\/product_cat?post=5826"},{"taxonomy":"product_tag","embeddable":true,"href":"https:\/\/revealing-project.eu\/pl\/wp-json\/wp\/v2\/product_tag?post=5826"}],"curies":[{"name":"wp","href":"https:\/\/api.w.org\/{rel}","templated":true}]}}