{"id":5827,"date":"2023-07-21T16:25:04","date_gmt":"2023-07-21T13:25:04","guid":{"rendered":"https:\/\/revealing-project.eu\/product\/blockscad\/"},"modified":"2023-07-21T16:25:10","modified_gmt":"2023-07-21T13:25:10","slug":"blockscad","status":"publish","type":"product","link":"https:\/\/revealing-project.eu\/pl\/produkt\/blockscad\/","title":{"rendered":"BlocksCAD"},"content":{"rendered":"<p>BlocksCAD to oparte na przegl\u0105darce narz\u0119dzie do modelowania 3D, kt\u00f3re umo\u017cliwia u\u017cytkownikom tworzenie i manipulowanie kszta\u0142tami 3D za pomoc\u0105 kodu. Jest przeznaczony dla u\u017cytkownik\u00f3w w ka\u017cdym wieku, ale jest szczeg\u00f3lnie popularny w\u015br\u00f3d nauczycieli do nauczania matematyki i koncepcji programowania. Dost\u0119p do BlocksCAD mo\u017cna uzyska\u0107 na dowolnym urz\u0105dzeniu z przegl\u0105dark\u0105 internetow\u0105, w tym na komputerach, tabletach i smartfonach.<\/p>\n","protected":false},"excerpt":{"rendered":"<p><a class=\"linkbutton\" href=\"https:\/\/www.blockscad3d.com\/\"target=_blank rel=\"noopener\">Website<\/a><\/p>\n","protected":false},"featured_media":4097,"template":"","meta":[],"product_cat":[261],"product_tag":[],"_links":{"self":[{"href":"https:\/\/revealing-project.eu\/pl\/wp-json\/wp\/v2\/product\/5827"}],"collection":[{"href":"https:\/\/revealing-project.eu\/pl\/wp-json\/wp\/v2\/product"}],"about":[{"href":"https:\/\/revealing-project.eu\/pl\/wp-json\/wp\/v2\/types\/product"}],"wp:featuredmedia":[{"embeddable":true,"href":"https:\/\/revealing-project.eu\/pl\/wp-json\/wp\/v2\/media\/4097"}],"wp:attachment":[{"href":"https:\/\/revealing-project.eu\/pl\/wp-json\/wp\/v2\/media?parent=5827"}],"wp:term":[{"taxonomy":"product_cat","embeddable":true,"href":"https:\/\/revealing-project.eu\/pl\/wp-json\/wp\/v2\/product_cat?post=5827"},{"taxonomy":"product_tag","embeddable":true,"href":"https:\/\/revealing-project.eu\/pl\/wp-json\/wp\/v2\/product_tag?post=5827"}],"curies":[{"name":"wp","href":"https:\/\/api.w.org\/{rel}","templated":true}]}}