{"id":5828,"date":"2023-07-21T16:25:04","date_gmt":"2023-07-21T13:25:04","guid":{"rendered":"https:\/\/revealing-project.eu\/product\/blender\/"},"modified":"2023-07-21T16:25:10","modified_gmt":"2023-07-21T13:25:10","slug":"blender","status":"publish","type":"product","link":"https:\/\/revealing-project.eu\/pl\/produkt\/blender\/","title":{"rendered":"Blender"},"content":{"rendered":"<p>Blender to darmowe oprogramowanie do tworzenia 3D o otwartym kodzie \u017ar\u00f3d\u0142owym, kt\u00f3re s\u0142u\u017cy do tworzenia generowanych komputerowo modeli, animacji i efekt\u00f3w wizualnych. Oferuje szerok\u0105 gam\u0119 funkcji, w tym modelowanie, rze\u017abienie, animacj\u0119, symulacj\u0119, renderowanie, komponowanie i \u015bledzenie ruchu.<\/p>\n","protected":false},"excerpt":{"rendered":"<p><a class=\"linkbutton\" href=\"https:\/\/www.blender.org\/\"target=_blank rel=\"noopener\">Website<\/a><\/p>\n","protected":false},"featured_media":4087,"template":"","meta":[],"product_cat":[261],"product_tag":[],"_links":{"self":[{"href":"https:\/\/revealing-project.eu\/pl\/wp-json\/wp\/v2\/product\/5828"}],"collection":[{"href":"https:\/\/revealing-project.eu\/pl\/wp-json\/wp\/v2\/product"}],"about":[{"href":"https:\/\/revealing-project.eu\/pl\/wp-json\/wp\/v2\/types\/product"}],"wp:featuredmedia":[{"embeddable":true,"href":"https:\/\/revealing-project.eu\/pl\/wp-json\/wp\/v2\/media\/4087"}],"wp:attachment":[{"href":"https:\/\/revealing-project.eu\/pl\/wp-json\/wp\/v2\/media?parent=5828"}],"wp:term":[{"taxonomy":"product_cat","embeddable":true,"href":"https:\/\/revealing-project.eu\/pl\/wp-json\/wp\/v2\/product_cat?post=5828"},{"taxonomy":"product_tag","embeddable":true,"href":"https:\/\/revealing-project.eu\/pl\/wp-json\/wp\/v2\/product_tag?post=5828"}],"curies":[{"name":"wp","href":"https:\/\/api.w.org\/{rel}","templated":true}]}}