{"id":5298,"date":"2020-03-06T12:31:29","date_gmt":"2020-03-06T09:31:29","guid":{"rendered":"https:\/\/revealing-project.eu\/objectives\/"},"modified":"2023-07-17T15:54:09","modified_gmt":"2023-07-17T12:54:09","slug":"objectives","status":"publish","type":"page","link":"https:\/\/revealing-project.eu\/pt-pt\/objectives\/","title":{"rendered":"Objetivos"},"content":{"rendered":"<div data-colibri-id=\"5298-c1\" class=\"style-967 style-local-5298-c1 position-relative\">\n  <!---->\n  <div data-colibri-component=\"section\" data-colibri-id=\"5298-c2\" id=\"initial-content\" class=\"h-section h-section-global-spacing d-flex align-items-lg-center align-items-md-center align-items-center style-968 style-local-5298-c2 position-relative\">\n    <!---->\n    <!---->\n    <div class=\"h-section-grid-container h-section-boxed-container\">\n      <!---->\n      <div data-colibri-id=\"5298-c3\" class=\"h-row-container gutters-row-lg-2 gutters-row-md-2 gutters-row-0 gutters-row-v-lg-2 gutters-row-v-md-2 gutters-row-v-2 style-972 style-local-5298-c3 position-relative\">\n        <!---->\n        <div class=\"h-row justify-content-lg-center justify-content-md-center justify-content-center align-items-lg-stretch align-items-md-stretch align-items-stretch gutters-col-lg-2 gutters-col-md-2 gutters-col-0 gutters-col-v-lg-2 gutters-col-v-md-2 gutters-col-v-2\">\n          <!---->\n          <div class=\"h-column h-column-container d-flex h-col-lg-auto h-col-md-auto h-col-auto style-973-outer style-local-5298-c4-outer\">\n            <div data-colibri-id=\"5298-c4\" class=\"d-flex h-flex-basis h-column__inner h-px-lg-2 h-px-md-2 h-px-2 v-inner-lg-2 v-inner-md-2 v-inner-2 style-973 style-local-5298-c4 position-relative\">\n              <!---->\n              <!---->\n              <div class=\"w-100 h-y-container h-column__content h-column__v-align flex-basis-100 align-self-lg-start align-self-md-start align-self-start\">\n                <!---->\n                <div data-colibri-id=\"5298-c5\" class=\"h-lead h-text h-text-component style-976 style-local-5298-c5 position-relative h-element\">\n                  <!---->\n                  <!---->\n                  <div class=\"\">\n                    <p>O objetivo do projeto REVEALING \u00e9 criar um Modelo de Ambiente de Aprendizagem em Realidade Virtual (AARV) utilizando a plataforma VRChat, adaptado \u00e0s necessidades de aprendizagem das Institui\u00e7\u00f5es de Ensino Superior (IES) e, consequentemente,\n                      dos seus estudantes.<\/p>\n                    <p>Ter\u00e1 um impacto direto nas universidades parceiras e al\u00e9m delas: em termos de capacidades tecnol\u00f3gicas, desde logo. N\u00e3o apenas em investiga\u00e7\u00e3o interdisciplinar de vanguarda, mas tamb\u00e9m na sua implementa\u00e7\u00e3o efetiva.<\/p>\n                    <p>O prop\u00f3sito de criar um Modelo \u00e9 que este possa ser adaptado a diferentes situa\u00e7\u00f5es e contextos de aprendizagem, de acordo com as necessidades dos utilizadores finais. Ao reunir diferentes realidades educativas de toda a Europa, o\n                      Modelo ser\u00e1 adaptado e testado em ambientes acad\u00e9micos e n\u00e3o acad\u00e9micos, que ainda apresentam, at\u00e9 agora, diferen\u00e7as consider\u00e1veis em termos de metodologias educativas e aspetos culturais, quando nos focamos nos aspetos singulares,\n                      por\u00e9m cruciais do processo de aprendizagem.<\/p>\n                    <p>O projeto REVEALING pretende generalizar a utiliza\u00e7\u00e3o da RV por um n\u00famero mais diversificado de atividades (para al\u00e9m do seu uso como ferramenta recreativa) na estrutura educativa e social europeia. Os objetivos concretos do projeto\n                      s\u00e3o:<\/p>\n                  <\/div>\n                <\/div>\n              <\/div>\n            <\/div>\n          <\/div>\n          <div class=\"h-column h-column-container d-flex h-col-lg h-col-md-auto h-col-auto style-974-outer style-local-5298-c6-outer\">\n            <div data-colibri-id=\"5298-c6\" class=\"d-flex h-flex-basis h-column__inner h-px-lg-2 h-px-md-2 h-px-2 v-inner-lg-2 v-inner-md-2 v-inner-2 style-974 style-local-5298-c6 position-relative\">\n              <!---->\n              <!---->\n              <div class=\"w-100 h-y-container h-column__content h-column__v-align flex-basis-100 align-self-lg-start align-self-md-start align-self-start\">\n                <!---->\n                <div data-colibri-id=\"5298-c7\" class=\"d-block style-975 style-local-5298-c7 position-relative h-element\">\n                  <!---->\n                  <div class=\"h-image__frame-container-outer\">\n                    <div class=\"h-image__frame-container\">\n                      <!---->\n                      <!---->\n                      <img decoding=\"async\" loading=\"lazy\" width=\"751\" height=\"935\" src=\"https:\/\/revealing-project.eu\/wp-content\/uploads\/2022\/06\/senior-african-woman-having-fun-playing-with-innov-2022-03-30-18-06-00-utc-1.jpg\" class=\"wp-image-2966 style-975-image style-local-5298-c7-image\" srcset=\"https:\/\/revealing-project.eu\/wp-content\/uploads\/2022\/06\/senior-african-woman-having-fun-playing-with-innov-2022-03-30-18-06-00-utc-1.jpg 751w, https:\/\/revealing-project.eu\/wp-content\/uploads\/2022\/06\/senior-african-woman-having-fun-playing-with-innov-2022-03-30-18-06-00-utc-1-600x747.jpg 600w, https:\/\/revealing-project.eu\/wp-content\/uploads\/2022\/06\/senior-african-woman-having-fun-playing-with-innov-2022-03-30-18-06-00-utc-1-241x300.jpg 241w\" sizes=\"(max-width: 751px) 100vw, 751px\" alt=\"\" \/>\n                      <div class=\"h-image__frame h-hide-lg h-hide-md h-hide-sm style-975-frameImage style-local-5298-c7-frameImage\"><\/div>\n                    <\/div>\n                  <\/div>\n                <\/div>\n              <\/div>\n            <\/div>\n          <\/div>\n        <\/div>\n      <\/div>\n      <div data-colibri-id=\"5298-c8\" class=\"h-row-container gutters-row-lg-2 gutters-row-md-2 gutters-row-0 gutters-row-v-lg-2 gutters-row-v-md-2 gutters-row-v-2 style-983 style-local-5298-c8 position-relative\">\n        <!---->\n        <div class=\"h-row justify-content-lg-center justify-content-md-center justify-content-center align-items-lg-stretch align-items-md-stretch align-items-stretch gutters-col-lg-2 gutters-col-md-2 gutters-col-0 gutters-col-v-lg-2 gutters-col-v-md-2 gutters-col-v-2\">\n          <!---->\n          <div class=\"h-column h-column-container d-flex h-col-lg-auto h-col-md-auto h-col-auto style-984-outer style-local-5298-c9-outer\">\n            <div data-colibri-id=\"5298-c9\" class=\"d-flex h-flex-basis h-column__inner h-px-lg-2 h-px-md-2 h-px-2 v-inner-lg-2 v-inner-md-2 v-inner-2 style-984 style-local-5298-c9 position-relative\">\n              <!---->\n              <!---->\n              <div class=\"w-100 h-y-container h-column__content h-column__v-align flex-basis-100 align-self-lg-start align-self-md-start align-self-start\">\n                <!---->\n                <div data-colibri-id=\"5298-c10\" class=\"icon-list d-flex justify-content-lg-start justify-content-md-start justify-content-start style-985 style-local-5298-c10 position-relative h-element\">\n                  <!---->\n                  <ul class=\"ul-list-icon vertical-on-desktop vertical-on-tablet vertical-on-mobile justify-content-lg-start justify-content-md-start justify-content-start\">\n                    <!---->\n                    <li class=\"list-item no-gutters\">\n                      <!---->\n                      <div class=\"list-container-divider d-flex justify-content-lg-start justify-content-md-start justify-content-start first-el-spacer\"><\/div> <span class=\"item-link no-gutters\"><div class=\"d-flex h-col no-gutters align-items-lg-center align-items-md-center align-items-center list-item-text-wrapper\"><div class=\"d-flex\"><span  class=\"h-svg-icon style-985-icon style-local-5298-c10-icon\"><!--Icon by Font Awesome (https:\/\/fontawesome.com)-->\n    <svg version=\"1.1\" xmlns=\"http:\/\/www.w3.org\/2000\/svg\" xmlns:xlink=\"http:\/\/www.w3.org\/1999\/xlink\" id=\"dot-circle-o\" viewBox=\"0 0 1536 1896.0833\">\n      <path d=\"M1024 896q0 106-75 181t-181 75-181-75-75-181 75-181 181-75 181 75 75 181zM768 352q-148 0-273 73T297 623t-73 273 73 273 198 198 273 73 273-73 198-198 73-273-73-273-198-198-273-73zm768 544q0 209-103 385.5T1153.5 1561 768 1664t-385.5-103T103 1281.5 0 896t103-385.5T382.5 231 768 128t385.5 103T1433 510.5 1536 896z\"><\/path>\n    <\/svg><\/span><\/div> <span class=\"list-text d-block\"><span>Conceber e implementar AARV adaptados \u00e0s necessidades das IES.<\/span><\/span>\n              <\/div>\n              <\/span>\n              <div class=\"list-container-divider d-flex justify-content-lg-start justify-content-md-start justify-content-start\">\n                <!---->\n              <\/div>\n              <\/li>\n              <li class=\"list-item no-gutters\">\n                <!---->\n                <!----><span class=\"item-link no-gutters\"><div class=\"d-flex h-col no-gutters align-items-lg-center align-items-md-center align-items-center list-item-text-wrapper\"><div class=\"d-flex\"><span  class=\"h-svg-icon style-985-icon style-local-5298-c10-icon\"><!--Icon by Font Awesome (https:\/\/fontawesome.com)-->\n    <svg version=\"1.1\" xmlns=\"http:\/\/www.w3.org\/2000\/svg\" xmlns:xlink=\"http:\/\/www.w3.org\/1999\/xlink\" id=\"dot-circle-o\" viewBox=\"0 0 1536 1896.0833\">\n      <path d=\"M1024 896q0 106-75 181t-181 75-181-75-75-181 75-181 181-75 181 75 75 181zM768 352q-148 0-273 73T297 623t-73 273 73 273 198 198 273 73 273-73 198-198 73-273-73-273-198-198-273-73zm768 544q0 209-103 385.5T1153.5 1561 768 1664t-385.5-103T103 1281.5 0 896t103-385.5T382.5 231 768 128t385.5 103T1433 510.5 1536 896z\"><\/path>\n    <\/svg><\/span><\/div> <span class=\"list-text d-block\"><span>Testar aulas com recurso \u00e0 RV e elaborar um manual com orienta\u00e7\u00f5es abrangentes sobre como utilizar de forma eficaz as potencialidades dos AARV para preparar aulas para o Ensino Superior.<\/span><\/span>\n          <\/div>\n          <\/span>\n          <div class=\"list-container-divider d-flex justify-content-lg-start justify-content-md-start justify-content-start\">\n            <!---->\n          <\/div>\n          <\/li>\n          <li class=\"list-item no-gutters\">\n            <!---->\n            <!----><span class=\"item-link no-gutters\"><div class=\"d-flex h-col no-gutters align-items-lg-center align-items-md-center align-items-center list-item-text-wrapper\"><div class=\"d-flex\"><span  class=\"h-svg-icon style-985-icon style-local-5298-c10-icon\"><!--Icon by Font Awesome (https:\/\/fontawesome.com)-->\n    <svg version=\"1.1\" xmlns=\"http:\/\/www.w3.org\/2000\/svg\" xmlns:xlink=\"http:\/\/www.w3.org\/1999\/xlink\" id=\"dot-circle-o\" viewBox=\"0 0 1536 1896.0833\">\n      <path d=\"M1024 896q0 106-75 181t-181 75-181-75-75-181 75-181 181-75 181 75 75 181zM768 352q-148 0-273 73T297 623t-73 273 73 273 198 198 273 73 273-73 198-198 73-273-73-273-198-198-273-73zm768 544q0 209-103 385.5T1153.5 1561 768 1664t-385.5-103T103 1281.5 0 896t103-385.5T382.5 231 768 128t385.5 103T1433 510.5 1536 896z\"><\/path>\n    <\/svg><\/span><\/div> <span class=\"list-text d-block\"><span>Implementar um Diret\u00f3rio de Recursos para AARV para facilitar a incorpora\u00e7\u00e3o de recursos compat\u00edveis com AARV na educa\u00e7\u00e3o das IES.<\/span><\/span>\n      <\/div>\n      <\/span>\n      <div class=\"list-container-divider d-flex justify-content-lg-start justify-content-md-start justify-content-start\">\n        <!---->\n      <\/div>\n      <\/li>\n      <li class=\"list-item no-gutters\">\n        <!---->\n        <!----><span class=\"item-link no-gutters\"><div class=\"d-flex h-col no-gutters align-items-lg-center align-items-md-center align-items-center list-item-text-wrapper\"><div class=\"d-flex\"><span  class=\"h-svg-icon style-985-icon style-local-5298-c10-icon\"><!--Icon by Font Awesome (https:\/\/fontawesome.com)-->\n    <svg version=\"1.1\" xmlns=\"http:\/\/www.w3.org\/2000\/svg\" xmlns:xlink=\"http:\/\/www.w3.org\/1999\/xlink\" id=\"dot-circle-o\" viewBox=\"0 0 1536 1896.0833\">\n      <path d=\"M1024 896q0 106-75 181t-181 75-181-75-75-181 75-181 181-75 181 75 75 181zM768 352q-148 0-273 73T297 623t-73 273 73 273 198 198 273 73 273-73 198-198 73-273-73-273-198-198-273-73zm768 544q0 209-103 385.5T1153.5 1561 768 1664t-385.5-103T103 1281.5 0 896t103-385.5T382.5 231 768 128t385.5 103T1433 510.5 1536 896z\"><\/path>\n    <\/svg><\/span><\/div> <span class=\"list-text d-block\"><span>Desenvolver as compet\u00eancias dos docentes e estudantes das IES no uso de abordagens educativas inovadoras, apoiadas por tecnologia.<\/span><\/span>\n  <\/div>\n  <\/span>\n  <div class=\"list-container-divider d-flex justify-content-lg-start justify-content-md-start justify-content-start\" style=\"display: none;\">\n    <!---->\n  <\/div>\n  <div class=\"list-container-divider d-flex justify-content-lg-start justify-content-md-start justify-content-start last-el-spacer\"><\/div>\n  <\/li>\n  <\/ul>\n<\/div>\n<\/div>\n<\/div>\n<\/div>\n<\/div>\n<\/div>\n<\/div>\n<\/div>\n<div data-colibri-component=\"section\" data-colibri-id=\"5298-c11\" id=\"reusable-sections\" class=\"h-section h-section-global-spacing d-flex align-items-lg-center align-items-md-center align-items-center style-1067 style-local-5298-c11 position-relative\">\n  <!---->\n  <!---->\n  <div class=\"h-section-grid-container h-section-boxed-container\">\n    <!---->\n    <div data-colibri-id=\"5298-c12\" class=\"h-row-container gutters-row-lg-2 gutters-row-md-2 gutters-row-0 gutters-row-v-lg-2 gutters-row-v-md-2 gutters-row-v-2 style-1068 style-local-5298-c12 position-relative\">\n      <!---->\n      <div class=\"h-row justify-content-lg-center justify-content-md-center justify-content-center align-items-lg-stretch align-items-md-stretch align-items-stretch gutters-col-lg-2 gutters-col-md-2 gutters-col-0 gutters-col-v-lg-2 gutters-col-v-md-2 gutters-col-v-2\">\n        <!---->\n        <div class=\"h-column h-column-container d-flex h-col-lg-auto h-col-md-auto h-col-auto style-1069-outer style-local-5298-c13-outer\">\n          <div data-colibri-id=\"5298-c13\" class=\"d-flex h-flex-basis h-column__inner h-px-lg-2 h-px-md-2 h-px-2 v-inner-lg-2 v-inner-md-2 v-inner-2 style-1069 style-local-5298-c13 position-relative\">\n            <!---->\n            <!---->\n            <div class=\"w-100 h-y-container h-column__content h-column__v-align flex-basis-100 align-self-lg-start align-self-md-start align-self-start\">\n              <!---->\n              <div data-colibri-id=\"5298-c14\" class=\"d-block style-1070 style-local-5298-c14 position-relative h-element\">\n                <!---->\n                <div class=\"h-image__frame-container-outer\">\n                  <div class=\"h-image__frame-container\">\n                    <!---->\n                    <!---->\n                    <img decoding=\"async\" loading=\"lazy\" width=\"756\" height=\"189\" src=\"https:\/\/revealing-project.eu\/wp-content\/uploads\/2023\/07\/logosbeneficaireserasmusright_pt_0-2.jpg\" class=\"wp-image-5301 style-1070-image style-local-5298-c14-image\" srcset=\"https:\/\/revealing-project.eu\/wp-content\/uploads\/2023\/07\/logosbeneficaireserasmusright_pt_0-2.jpg 756w, https:\/\/revealing-project.eu\/wp-content\/uploads\/2023\/07\/logosbeneficaireserasmusright_pt_0-2-300x75.jpg 300w, https:\/\/revealing-project.eu\/wp-content\/uploads\/2023\/07\/logosbeneficaireserasmusright_pt_0-2-600x150.jpg 600w\" sizes=\"(max-width: 756px) 100vw, 756px\" alt=\"\" \/>\n                    <div class=\"h-image__frame h-hide-lg h-hide-md h-hide-sm style-1070-frameImage style-local-5298-c14-frameImage\"><\/div>\n                  <\/div>\n                <\/div>\n              <\/div>\n            <\/div>\n          <\/div>\n        <\/div>\n        <div class=\"h-column h-column-container d-flex h-col-lg-auto h-col-md-auto h-col-auto style-1071-outer style-local-5298-c15-outer\">\n          <div data-colibri-id=\"5298-c15\" class=\"d-flex h-flex-basis h-column__inner h-px-lg-2 h-px-md-2 h-px-2 v-inner-lg-2 v-inner-md-2 v-inner-2 style-1071 style-local-5298-c15 position-relative\">\n            <!---->\n            <!---->\n            <div class=\"w-100 h-y-container h-column__content h-column__v-align flex-basis-100 align-self-lg-start align-self-md-start align-self-start\">\n              <!---->\n              <div data-colibri-id=\"5298-c16\" class=\"h-text h-text-component style-1072 style-local-5298-c16 position-relative h-element\">\n                <!---->\n                <!---->\n                <div class=\"\">\n                  <p>O apoio da Comiss\u00e3o Europeia \u00e0 produ\u00e7\u00e3o desta publica\u00e7\u00e3o n\u00e3o constitui um aval do seu conte\u00fado, que reflete unicamente o ponto de vista dos autores, e a Comiss\u00e3o n\u00e3o pode ser considerada respons\u00e1vel por eventuais utiliza\u00e7\u00f5es que possam\n                    ser feitas com as informa\u00e7\u00f5es nela contidas. <\/p>\n                <\/div>\n              <\/div>\n            <\/div>\n          <\/div>\n        <\/div>\n      <\/div>\n    <\/div>\n  <\/div>\n<\/div>\n<\/div>","protected":false},"excerpt":{"rendered":"<p>O objetivo do projeto REVEALING \u00e9 criar um Modelo de Ambiente de Aprendizagem em Realidade Virtual (AARV) utilizando a plataforma VRChat, adaptado \u00e0s necessidades de aprendizagem das Institui\u00e7\u00f5es de Ensino Superior (IES) e, consequentemente, dos seus estudantes. Ter\u00e1 um impacto direto nas universidades parceiras e al\u00e9m delas: em termos de capacidades tecnol\u00f3gicas, desde logo. N\u00e3o [&hellip;]<\/p>\n","protected":false},"author":1,"featured_media":0,"parent":0,"menu_order":0,"comment_status":"closed","ping_status":"closed","template":"page-templates\/full-width-page.php","meta":[],"_links":{"self":[{"href":"https:\/\/revealing-project.eu\/pt-pt\/wp-json\/wp\/v2\/pages\/5298"}],"collection":[{"href":"https:\/\/revealing-project.eu\/pt-pt\/wp-json\/wp\/v2\/pages"}],"about":[{"href":"https:\/\/revealing-project.eu\/pt-pt\/wp-json\/wp\/v2\/types\/page"}],"author":[{"embeddable":true,"href":"https:\/\/revealing-project.eu\/pt-pt\/wp-json\/wp\/v2\/users\/1"}],"replies":[{"embeddable":true,"href":"https:\/\/revealing-project.eu\/pt-pt\/wp-json\/wp\/v2\/comments?post=5298"}],"version-history":[{"count":2,"href":"https:\/\/revealing-project.eu\/pt-pt\/wp-json\/wp\/v2\/pages\/5298\/revisions"}],"predecessor-version":[{"id":5308,"href":"https:\/\/revealing-project.eu\/pt-pt\/wp-json\/wp\/v2\/pages\/5298\/revisions\/5308"}],"wp:attachment":[{"href":"https:\/\/revealing-project.eu\/pt-pt\/wp-json\/wp\/v2\/media?parent=5298"}],"curies":[{"name":"wp","href":"https:\/\/api.w.org\/{rel}","templated":true}]}}