{"id":5316,"date":"2020-03-06T17:51:11","date_gmt":"2020-03-06T14:51:11","guid":{"rendered":"https:\/\/revealing-project.eu\/partners-2\/"},"modified":"2023-07-17T16:02:17","modified_gmt":"2023-07-17T13:02:17","slug":"partners-2","status":"publish","type":"page","link":"https:\/\/revealing-project.eu\/pt-pt\/partners-2\/","title":{"rendered":"Parceiros"},"content":{"rendered":"\n<figure class=\"wp-block-image size-full\"><img decoding=\"async\" loading=\"lazy\" width=\"300\" height=\"198\" src=\"https:\/\/revealing-project.eu\/wp-content\/uploads\/2022\/06\/cropped-cropped-1200px-Johannes_Gutenberg-Universitat_Mainz_logo.svg_-e1654073670453.png\" alt=\"\" class=\"wp-image-2829\"\/><\/figure>\n\n\n\n<h4 class=\"wp-block-heading\">JOHANNES GUTENBERG-UNIVERSITATMAINZ (Alemanha)<\/h4>\n\n\n\n<p>Com cerca de 31.000 estudantes de mais de 120 pa\u00edses, a Universidade Johannes Gutenberg de Mog\u00fancia\/Mainz (JGU) \u00e9 uma das maiores e com uma maior diversidade da Alemanha. A JGU re\u00fane praticamente todas as disciplinas acad\u00e9micas sob o mesmo teto, incluindo o Centro M\u00e9dico da Universidade de Mog\u00fancia, a Academia de Belas Artes de Mog\u00fancia, a Escola de M\u00fasica de Mog\u00fancia e a Faculdade de Estudos de Tradu\u00e7\u00e3o, Lingu\u00edstica e Estudos Culturais em Germersheim. Cerca de 4.500 acad\u00e9micos, incluindo cerca de 570 professores, lecionam e conduzem investiga\u00e7\u00e3o em mais de 100 institutos e cl\u00ednicas. Com 76 \u00e1reas de estudo e 289 cursos de gradua\u00e7\u00e3o, a JGU oferece uma oferta extraordinariamente ampla de disciplinas.<\/p>\n\n\n\n<p>S\u00edtio Web:                       <a rel=\"noreferrer noopener\" aria-label=\"www.trebag.hu  (\u03b1\u03bd\u03bf\u03af\u03b3\u03b5\u03b9 \u03c3\u03b5 \u03bd\u03ad\u03b1 \u03ba\u03b1\u03c1\u03c4\u03ad\u03bb\u03b1)\" href=\"http:\/\/www.trebag.hu\" target=\"_blank\"><\/a>                       <a rel=\"noreferrer noopener\" href=\"https:\/\/www.uni-mainz.de\/\" target=\"_blank\">www.uni-mainz.de<\/a>                     <\/p>\n\n\n\n<p>Contacto pessoal:\u00a0Stefan Aufenang                       <br>Email:\u00a0                       <a rel=\"noreferrer noopener\" href=\"mailto:aufenang@uni-mainz.de\" target=\"_blank\">aufenang@uni-mainz.de<\/a>                       <br>Telefone:\u00a0+49 6131 390<\/p>\n\n\n\n<hr class=\"wp-block-separator has-css-opacity is-style-wide\"\/>\n\n\n\n<figure class=\"wp-block-image size-full is-resized\"><img decoding=\"async\" loading=\"lazy\" src=\"https:\/\/revealing-project.eu\/wp-content\/uploads\/2022\/06\/cropped-panepistimio_aigaioy_-_02_vertical_greek_-_pantone_blue.png\" alt=\"\" class=\"wp-image-2828\" width=\"217\" height=\"162\" srcset=\"https:\/\/revealing-project.eu\/wp-content\/uploads\/2022\/06\/cropped-panepistimio_aigaioy_-_02_vertical_greek_-_pantone_blue.png 560w, https:\/\/revealing-project.eu\/wp-content\/uploads\/2022\/06\/cropped-panepistimio_aigaioy_-_02_vertical_greek_-_pantone_blue-300x224.png 300w\" sizes=\"(max-width: 217px) 100vw, 217px\" \/><\/figure>\n\n\n\n<h4 class=\"wp-block-heading\">PANEPISTIMIO AIGAIOU (Gr\u00e9cia)<\/h4>\n\n\n\n<p>A Universidade do Egeu (UAegean) foi fundada em 1984 com o objetivo de introduzir abordagens inovadoras no ensino superior na Gr\u00e9cia e promover o desenvolvimento regional. Situada em 6 ilhas do Arquip\u00e9lago do Egeu, oferece um ambiente natural, cultural e humano \u00fanico para estudos modernos. Em menos de trinta anos, evoluiu para uma universidade internacional orientada para a investiga\u00e7\u00e3o, oferecendo cursos em \u00e1reas tem\u00e1ticas modernas e interdisciplinares, como inform\u00e1tica cultural, design de produtos, design educacional, estudos mediterr\u00e2nicos, ci\u00eancias alimentares e nutricionais, ambiente e sistemas de comunica\u00e7\u00e3o. A UAegean obt\u00e9m regularmente excelentes avalia\u00e7\u00f5es a n\u00edvel nacional, europeu e internacional. Em 2016, foi classificada como a universidade com a melhor avalia\u00e7\u00e3o na Gr\u00e9cia, avaliada pela Hellenic Quality Assurance and Accreditation Agency (HQA). A UAegean participa do projeto com dois grupos de investiga\u00e7\u00e3o, afiliados ao (a) Departamento de Engenharia de Design de Produtos e Sistemas (Escola de Engenharia) e (b) Departamento de Educa\u00e7\u00e3o Prim\u00e1ria (Escola de Humanidades).<\/p>\n\n\n\n<p>S\u00edtio Web:                       <a rel=\"noreferrer noopener\" href=\"http:\/\/www.aegean.gr\" target=\"_blank\">www.aegean.gr<\/a>                     <\/p>\n\n\n\n<p>Contacto pessoal:\u00a0Damianos Gavalas                       <br>Email:\u00a0                       <a href=\"mailto:dgavalas@aegean.gr\">dgavalas@aegean.gr<\/a>                       <br>Telefone:\u00a0+30 22810 97136 <\/p>\n\n\n\n<hr class=\"wp-block-separator has-css-opacity is-style-wide\"\/>\n\n\n\n<figure class=\"wp-block-image size-full\"><img decoding=\"async\" loading=\"lazy\" width=\"216\" height=\"216\" src=\"https:\/\/revealing-project.eu\/wp-content\/uploads\/2022\/05\/cropped-IG_Logo_vertical_cor.jpg\" alt=\"\" class=\"wp-image-2809\" srcset=\"https:\/\/revealing-project.eu\/wp-content\/uploads\/2022\/05\/cropped-IG_Logo_vertical_cor.jpg 216w, https:\/\/revealing-project.eu\/wp-content\/uploads\/2022\/05\/cropped-IG_Logo_vertical_cor-100x100.jpg 100w, https:\/\/revealing-project.eu\/wp-content\/uploads\/2022\/05\/cropped-IG_Logo_vertical_cor-150x150.jpg 150w\" sizes=\"(max-width: 216px) 100vw, 216px\" \/><\/figure>\n\n\n\n<h4 class=\"wp-block-heading\">UNIVERSIDADE ABERTA (Portugal)<\/h4>\n\n\n\n<p>Fundada em 1988, a Universidade Aberta (UAb) \u00e9 a \u00fanica universidade p\u00fablica de ensino a dist\u00e2ncia em Portugal. Devido ao seu prop\u00f3sito, a UAb utiliza de forma abrangente, nas suas atividades de ensino, as tecnologias e m\u00e9todos mais avan\u00e7ados de Aprendizagem a Dist\u00e2ncia, sem fronteiras geogr\u00e1ficas ou barreiras f\u00edsicas, e dando especial \u00eanfase \u00e0 expans\u00e3o da l\u00edngua portuguesa e cultura no espa\u00e7o da Lusofonia (comunidades migrantes e pa\u00edses de l\u00edngua portuguesa).<\/p>\n\n\n\n<p>Neste contexto, a UAb oferece ensino superior em qualquer parte do mundo (licenciatura, mestrado e doutoramento) e programas de forma\u00e7\u00e3o ao longo da vida. Desde 2008, todos os cursos s\u00e3o lecionados em modo de ensino online, o ano em que a UAb se tornou uma institui\u00e7\u00e3o europeia de refer\u00eancia na \u00e1rea do e-learning avan\u00e7ado e do ensino online, atrav\u00e9s do reconhecimento do seu exclusivo Modelo Pedag\u00f3gico Virtual.<\/p>\n\n\n\n<p><\/p>\n\n\n\n<p>S\u00edtio Web:                       <a rel=\"noreferrer noopener\" href=\"http:\/\/www.portal.uab.pt\" target=\"_blank\">www.<\/a>                       <a href=\"https:\/\/portal.uab.pt\/\">portal.uab.pt<\/a>                     <\/p>\n\n\n\n<p>Contacto pessoal: Leonel Morgado                       <br>Email:\u00a0                       <a href=\"Leonel.Morgado@uab.pt\">Leonel.Morgado@uab.pt<\/a>                       <br>Telefone:\u00a0+351 300 001 590<\/p>\n\n\n\n<hr class=\"wp-block-separator has-css-opacity is-style-wide\"\/>\n\n\n\n<figure class=\"wp-block-image size-full is-resized\"><img decoding=\"async\" loading=\"lazy\" src=\"https:\/\/revealing-project.eu\/wp-content\/uploads\/2022\/06\/cropped-cropped-20106496_1159484877490348_4484203315103087561_n.jpg\" alt=\"\" class=\"wp-image-2832\" width=\"250\" height=\"129\" srcset=\"https:\/\/revealing-project.eu\/wp-content\/uploads\/2022\/06\/cropped-cropped-20106496_1159484877490348_4484203315103087561_n.jpg 800w, https:\/\/revealing-project.eu\/wp-content\/uploads\/2022\/06\/cropped-cropped-20106496_1159484877490348_4484203315103087561_n-600x311.jpg 600w, https:\/\/revealing-project.eu\/wp-content\/uploads\/2022\/06\/cropped-cropped-20106496_1159484877490348_4484203315103087561_n-300x156.jpg 300w, https:\/\/revealing-project.eu\/wp-content\/uploads\/2022\/06\/cropped-cropped-20106496_1159484877490348_4484203315103087561_n-768x398.jpg 768w\" sizes=\"(max-width: 250px) 100vw, 250px\" \/><\/figure>\n\n\n\n<h4 class=\"wp-block-heading\">European Association of Erasmus Coordinators (Chipre)<\/h4>\n\n\n\n<p>A Associa\u00e7\u00e3o Europeia de Coordenadores Erasmus (EAEC) foi fundada em 2004, com apresenta\u00e7\u00e3o oficial durante o ERACON 2005 (Confer\u00eancia de Coordenadores Erasmus e Feira de Educa\u00e7\u00e3o GO-Exchange 2005) em Chipre.<\/p>\n\n\n\n<p>Trata-se de uma associa\u00e7\u00e3o de membros com mais de 80 institui\u00e7\u00f5es integrantes, de pa\u00edses da Uni\u00e3o Europeia e terceiros. Promove a mobilidade de estudantes, docentes e pessoal administrativo no territ\u00f3rio da Uni\u00e3o Europeia e al\u00e9m dela, e apoia o processo de eleva\u00e7\u00e3o dos padr\u00f5es de educa\u00e7\u00e3o e qualidade no territ\u00f3rio da Uni\u00e3o Europeia.<\/p>\n\n\n\n<p><\/p>\n\n\n\n<p>S\u00edtio Web:                       <a rel=\"noreferrer noopener\" href=\"http:\/\/www.eaccnet.com\" target=\"_blank\"><\/a>                       <a href=\"http:\/\/www.eaccnet.com\/\">www.eaccnet.com<\/a>                     <\/p>\n\n\n\n<p>Contacto pessoal:\u00a0Gregory Makrides                       <br>Email:\u00a0                       <a rel=\"noreferrer noopener\" href=\"mailto:info@eaecnet.com\" data-type=\"URL\" target=\"_blank\">jcsgoncalves@gmail.com<\/a>                       <br>Telefone:\u00a0+357 22283600<\/p>\n\n\n\n<hr class=\"wp-block-separator has-css-opacity is-style-wide\"\/>\n\n\n\n<figure class=\"wp-block-image size-full is-resized\"><img decoding=\"async\" loading=\"lazy\" src=\"https:\/\/revealing-project.eu\/wp-content\/uploads\/2022\/06\/cropped-IDEC-LOGO-TURQUISE.jpg\" alt=\"\" class=\"wp-image-3993\" width=\"246\" height=\"126\" srcset=\"https:\/\/revealing-project.eu\/wp-content\/uploads\/2022\/06\/cropped-IDEC-LOGO-TURQUISE.jpg 429w, https:\/\/revealing-project.eu\/wp-content\/uploads\/2022\/06\/cropped-IDEC-LOGO-TURQUISE-300x154.jpg 300w\" sizes=\"(max-width: 246px) 100vw, 246px\" \/><\/figure>\n\n\n\n<h4 class=\"wp-block-heading\">IDEC (Gr\u00e9cia)<\/h4>\n\n\n\n<p>A IDEC \u00e9 uma empresa de forma\u00e7\u00e3o e consultoria sediada no Pireu, na Gr\u00e9cia. Lida com a garantia da qualidade na forma\u00e7\u00e3o e coordenou os projetos QMS e BEQUAL, sobre temas relacionados com qualidade na forma\u00e7\u00e3o. Al\u00e9m disso, a IDEC possui experi\u00eancia em consultoria no desenvolvimento de sistemas de gest\u00e3o da qualidade em centros de forma\u00e7\u00e3o gregos.<\/p>\n\n\n\n<p>S\u00edtio Web:                       <a rel=\"noreferrer noopener\" aria-label=\"www.idec.gr (\u03b1\u03bd\u03bf\u03af\u03b3\u03b5\u03b9 \u03c3\u03b5 \u03bd\u03ad\u03b1 \u03ba\u03b1\u03c1\u03c4\u03ad\u03bb\u03b1)\" href=\"http:\/\/www.idec.gr\" target=\"_blank\">www.idec.gr<\/a>                     <\/p>\n\n\n\n<p>Contacto pessoal: Orestis Ntagiantas                       <br>Email:                       <a href=\"mailto:orestis@idec.gr\" target=\"_blank\" rel=\"noreferrer noopener\">orestis@idec.gr<\/a>                       <br>Telefone:\u00a0+302104286227 <\/p>\n\n\n\n<hr class=\"wp-block-separator has-css-opacity is-style-wide\"\/>\n\n\n\n<figure class=\"wp-block-image size-full is-resized\"><img decoding=\"async\" loading=\"lazy\" src=\"https:\/\/revealing-project.eu\/wp-content\/uploads\/2022\/06\/logoUP_en.jpg\" alt=\"\" class=\"wp-image-3084\" width=\"206\" height=\"206\" srcset=\"https:\/\/revealing-project.eu\/wp-content\/uploads\/2022\/06\/logoUP_en.jpg 620w, https:\/\/revealing-project.eu\/wp-content\/uploads\/2022\/06\/logoUP_en-300x300.jpg 300w, https:\/\/revealing-project.eu\/wp-content\/uploads\/2022\/06\/logoUP_en-100x100.jpg 100w, https:\/\/revealing-project.eu\/wp-content\/uploads\/2022\/06\/logoUP_en-600x600.jpg 600w, https:\/\/revealing-project.eu\/wp-content\/uploads\/2022\/06\/logoUP_en-150x150.jpg 150w\" sizes=\"(max-width: 206px) 100vw, 206px\" \/><\/figure>\n\n\n\n<h4 class=\"wp-block-heading\"><strong>Pedagogical University of Cracow<\/strong> (Pol\u00f3nia)<\/h4>\n\n\n\n<p>A Universidade Pedag\u00f3gica de Crac\u00f3via \u00e9 a melhor institui\u00e7\u00e3o de Ensino Superior pedag\u00f3gica da Pol\u00f3nia e tamb\u00e9m a mais antiga universidade pedag\u00f3gica do pa\u00eds. \u00c9 uma Universidade moderna e de elite. Funciona de acordo com um modelo de educa\u00e7\u00e3o integrada, ou seja, combina conhecimento te\u00f3rico com compet\u00eancias pr\u00e1ticas. \u00c9 o centro mais importante e mais forte de instala\u00e7\u00f5es cient\u00edficas e de investiga\u00e7\u00e3o do sistema nacional de educa\u00e7\u00e3o.<\/p>\n\n\n\n<p>A miss\u00e3o da Universidade Pedag\u00f3gica \u00e9 exercida por um corpo docente profissional e experiente, que aplica conte\u00fados de ensino modernos e atualizados. Tamb\u00e9m \u00e9 expressa atrav\u00e9s da pesquisa cient\u00edfica, delineando novas \u00e1reas de desenvolvimento cient\u00edfico, transmitindo conhecimento e desenvolvendo e enriquecendo a personalidade dos diplomados, educando-os de acordo com os mais elevados padr\u00f5es europeus.<\/p>\n\n\n\n<p>A Universidade re\u00fane estudiosos de diferentes \u00e1reas e disciplinas cient\u00edficas, com especial aten\u00e7\u00e3o para a investiga\u00e7\u00e3o educacional, psicol\u00f3gica e metodol\u00f3gica. Desde o in\u00edcio da sua atividade, tem vindo constantemente a expandir a oferta educativa, tornando-a mais atrativa, para atender aos interesses e necessidades dos jovens e \u00e0s necessidades atuais da sociedade. Atualmente, oferece estudos em sete faculdades (Humanidades, Filologia, Pedagogia, Geografia e Biologia, Matem\u00e1tica, F\u00edsica e Ci\u00eancias T\u00e9cnicas, Arte e Ci\u00eancia Pol\u00edtica).<\/p>\n\n\n\n<p>A Universidade desenvolve sistematicamente investiga\u00e7\u00e3o abrangente, sendo essa a tarefa b\u00e1sica do ensino superior, visando atender \u00e0s necessidades do presente e educar os estudantes a um n\u00edvel elevado. O constante desenvolvimento do ambiente cient\u00edfico da universidade, a inova\u00e7\u00e3o, o alto n\u00edvel e a divulga\u00e7\u00e3o da pesquisa realizada determinam a for\u00e7a da Universidade e permitem-lhe competir no mundo da ci\u00eancia, assegurando uma posi\u00e7\u00e3o significativa no cen\u00e1rio nacional e internacional. A Universidade Pedag\u00f3gica de Crac\u00f3via apoia o desenvolvimento harmonioso das disciplinas individuais, mas prefere projetos interdisciplinares inovadores, tamb\u00e9m realizados em coopera\u00e7\u00e3o com parceiros estrangeiros. A Universidade continua a expandir os contactos com centros de investiga\u00e7\u00e3o estrangeiros e promove investiga\u00e7\u00f5es inovadoras em equipas internacionais, incluindo sobre processos de globaliza\u00e7\u00e3o contempor\u00e2neos, desenvolvimento sustent\u00e1vel, organiza\u00e7\u00e3o e gest\u00e3o da educa\u00e7\u00e3o. Atualmente, a Universidade realiza projetos de investiga\u00e7\u00e3o financiados pelo Centro Nacional de Ci\u00eancia e pelo Minist\u00e9rio da Ci\u00eancia e do Ensino Superior, bem como projetos de investiga\u00e7\u00e3o no \u00e2mbito da sua Atividade Estatut\u00e1ria. Possui tamb\u00e9m uma vasta experi\u00eancia na implementa\u00e7\u00e3o de projetos cofinanciados pelos fundos da Uni\u00e3o Europeia. A Universidade colabora com institui\u00e7\u00f5es cient\u00edficas, universidades e empresas em projetos conjuntos e presta servi\u00e7os externos a empresas. Organiza confer\u00eancias e simp\u00f3sios.<\/p>\n\n\n\n<p><\/p>\n\n\n\n<p>S\u00edtio Web:                       <a rel=\"noreferrer noopener\" href=\"http:\/\/www.eaccnet.com\" target=\"_blank\"><\/a>                       <a rel=\"noreferrer noopener\" href=\"https:\/\/www.up.krakow.pl\/\" target=\"_blank\">https:\/\/www.up.krakow.pl\/<\/a>                     <\/p>\n\n\n\n<p>Contacto pessoal:\u00a0Natalia Ponomarova                   <br>Email:\u00a0                       <a href=\"mailto:info@eaecnet.com\"><\/a>                       <a href=\"mailto:ponomna@gmail.com\">ponomna@gmail.com<\/a>                       <br>Telefone:\u00a0+48 511 463 911<\/p>\n\n\n<p>&nbsp;<\/p>\n<div class=\"h-row-container gutters-row-lg-2 gutters-row-md-2 gutters-row-0 gutters-row-v-lg-2 gutters-row-v-md-2 gutters-row-v-2 style-1011 style-local-472-c6 position-relative\" data-colibri-id=\"472-c6\">\n<div class=\"h-row justify-content-lg-center justify-content-md-center justify-content-center align-items-lg-stretch align-items-md-stretch align-items-stretch gutters-col-lg-2 gutters-col-md-2 gutters-col-0 gutters-col-v-lg-2 gutters-col-v-md-2 gutters-col-v-2\">\n<div class=\"h-column h-column-container d-flex h-col-lg-auto h-col-md-auto h-col-auto style-1012-outer style-local-472-c7-outer\">\n<div class=\"d-flex h-flex-basis h-column__inner h-px-lg-2 h-px-md-2 h-px-2 v-inner-lg-2 v-inner-md-2 v-inner-2 style-1012 style-local-472-c7 position-relative\" data-colibri-id=\"472-c7\">\n<div class=\"w-100 h-y-container h-column__content h-column__v-align flex-basis-100 align-self-lg-start align-self-md-start align-self-start\">\n<div class=\"d-block style-1014 style-local-472-c9 position-relative h-element\" data-colibri-id=\"472-c9\">\n<div class=\"h-image__frame-container-outer\">\n<div class=\"h-image__frame-container\">\n<p><img decoding=\"async\" loading=\"lazy\" class=\"style-1014-image style-local-472-c9-image wp-image-2419 alignleft\" src=\"https:\/\/revealing-project.eu\/wp-content\/uploads\/2023\/07\/logosbeneficaireserasmusright_pt_0-2.jpg\" alt=\"\" width=\"420\" height=\"117\"><\/p>\n<p style=\"text-align: right;\"><span style=\"color: #46707f; font-family: 'Open Sans'; font-size: 16px;\">O apoio da Comiss\u00e3o Europeia \u00e0 produ\u00e7\u00e3o desta publica\u00e7\u00e3o n\u00e3o constitui um aval do seu conte\u00fado, que reflete unicamente o ponto de vista dos autores, e a Comiss\u00e3o n\u00e3o pode ser considerada respons\u00e1vel por eventuais utiliza\u00e7\u00f5es que possam ser feitas com as informa\u00e7\u00f5es nela contidas.<\/span><\/p>\n<\/div>\n<\/div>\n<\/div>\n<\/div>\n<\/div>\n<\/div>\n<div class=\"h-column h-column-container d-flex h-col-lg-auto h-col-md-auto h-col-auto style-1013-outer style-local-472-c8-outer\">\n<div class=\"d-flex h-flex-basis h-column__inner h-px-lg-2 h-px-md-2 h-px-2 v-inner-lg-2 v-inner-md-2 v-inner-2 style-1013 style-local-472-c8 position-relative\" data-colibri-id=\"472-c8\">\n<div class=\"w-100 h-y-container h-column__content h-column__v-align flex-basis-100 align-self-lg-start align-self-md-start align-self-start\">\n<div class=\"h-text h-text-component style-1015 style-local-472-c10 position-relative h-element\" data-colibri-id=\"472-c10\">\n<div class=\"\">&nbsp;<\/div>\n<\/div>\n<\/div>\n<\/div>\n<\/div>\n<\/div>\n<\/div>","protected":false},"excerpt":{"rendered":"<p>JOHANNES GUTENBERG-UNIVERSITATMAINZ (Alemanha) Com cerca de 31.000 estudantes de mais de 120 pa\u00edses, a Universidade Johannes Gutenberg de Mog\u00fancia\/Mainz (JGU) \u00e9 uma das maiores e com uma maior diversidade da Alemanha. A JGU re\u00fane praticamente todas as disciplinas acad\u00e9micas sob o mesmo teto, incluindo o Centro M\u00e9dico da Universidade de Mog\u00fancia, a Academia de Belas [&hellip;]<\/p>\n","protected":false},"author":1,"featured_media":0,"parent":0,"menu_order":0,"comment_status":"closed","ping_status":"closed","template":"","meta":[],"_links":{"self":[{"href":"https:\/\/revealing-project.eu\/pt-pt\/wp-json\/wp\/v2\/pages\/5316"}],"collection":[{"href":"https:\/\/revealing-project.eu\/pt-pt\/wp-json\/wp\/v2\/pages"}],"about":[{"href":"https:\/\/revealing-project.eu\/pt-pt\/wp-json\/wp\/v2\/types\/page"}],"author":[{"embeddable":true,"href":"https:\/\/revealing-project.eu\/pt-pt\/wp-json\/wp\/v2\/users\/1"}],"replies":[{"embeddable":true,"href":"https:\/\/revealing-project.eu\/pt-pt\/wp-json\/wp\/v2\/comments?post=5316"}],"version-history":[{"count":1,"href":"https:\/\/revealing-project.eu\/pt-pt\/wp-json\/wp\/v2\/pages\/5316\/revisions"}],"predecessor-version":[{"id":5318,"href":"https:\/\/revealing-project.eu\/pt-pt\/wp-json\/wp\/v2\/pages\/5316\/revisions\/5318"}],"wp:attachment":[{"href":"https:\/\/revealing-project.eu\/pt-pt\/wp-json\/wp\/v2\/media?parent=5316"}],"curies":[{"name":"wp","href":"https:\/\/api.w.org\/{rel}","templated":true}]}}