{"id":5319,"date":"2020-03-06T17:58:07","date_gmt":"2020-03-06T14:58:07","guid":{"rendered":"https:\/\/revealing-project.eu\/vrle-model\/"},"modified":"2024-07-16T12:16:40","modified_gmt":"2024-07-16T09:16:40","slug":"vrle-model","status":"publish","type":"page","link":"https:\/\/revealing-project.eu\/pt-pt\/vrle-model\/","title":{"rendered":"Modelo de AARV"},"content":{"rendered":"\n<p>O primeiro resultado do projeto REVEALING foi o desenvolvimento de um modelo de Ambiente de Aprendizagem em Realidade Virtual (AARV) adaptado ao ensino em Institui\u00e7\u00f5es de Ensino Superior (IES). O AARV recorre a salas de aula virtuais em 3D, compat\u00edveis com o VRChat.<\/p>\n\n\n\n<p>Ser\u00e1 acess\u00edvel a instrutores e estudantes, que poder\u00e3o coexistir num ambiente virtual partilhado, comunicar-se por meios verbais e n\u00e3o verbais e participar em tarefas educativas colaborativas.<\/p>\n\n\n\n<p>O AAVR ter\u00e1 espa\u00e7os com design neutro (ou seja, sem elementos associados a disciplinas espec\u00edficas) e layouts habituais usados em aulas nas IES (salas de aula virtuais em 3D, audit\u00f3rios virtuais em 3D com mobili\u00e1rio padronizado, quadros brancos, projetores, etc.). Esses espa\u00e7os ser\u00e3o adequados para processo gen\u00e9ricos de aprendizagem em IES realizados por meio do AAVR, simulando a experi\u00eancia de uma aula no mundo f\u00edsico.<\/p>\n\n\n\n<p>Al\u00e9m disso, o AARV incluir\u00e1 espa\u00e7os espec\u00edficos de disciplinas complementares para apoiar tarefas educativas (por exemplo, visitas virtuais a locais de patrim\u00f3nio cultural) ou acesso a ferramentas ou recursos especializados (por exemplo, esqueletos humanos para o ensino de anatomia) para melhorar os processos de aprendizagem.<\/p>\n\n\n\n<p>Por fim, o modelo de AARV incorporar\u00e1 um conjunto de avatares (para instrutores e estudantes participantes) com caracter\u00edsticas diversas em termos de g\u00e9nero, ra\u00e7a, idade, tipo de corpo, etc.<\/p>\n\n\n\n<p><\/p>\n\n\n\n<p>Foram produzidos 5 ambientes de aprendizagem em RV que podem ser encontrados na aplica\u00e7\u00e3o <strong><a rel=\"noreferrer noopener\" href=\"https:\/\/hello.vrchat.com\/\" target=\"_blank\">VRCHAT<\/a><\/strong> sob a conta de <strong><a href=\"https:\/\/vrclist.com\/user\/AndronikiAgel\" target=\"_blank\" rel=\"noreferrer noopener\">AndronikiAgel<\/a><\/strong>:<\/p>\n\n\n\n<ul>\n<li><a href=\"https:\/\/vrclist.com\/world\/441111\" target=\"_blank\" rel=\"noreferrer noopener\">Ancient Greek Technology\u200b<\/a><\/li>\n\n\n\n<li><a href=\"https:\/\/vrclist.com\/world\/479463\" target=\"_blank\" rel=\"noreferrer noopener\">Chimborazo expedition\u200b<\/a><\/li>\n\n\n\n<li><a href=\"https:\/\/vrclist.com\/world\/465741\" target=\"_blank\" rel=\"noreferrer noopener\">Sea Urchins Measurements\u200b<\/a><\/li>\n\n\n\n<li><a href=\"https:\/\/vrclist.com\/world\/459563\" target=\"_blank\" rel=\"noreferrer noopener\">Linear Algebra\u200b<\/a><\/li>\n\n\n\n<li><a href=\"https:\/\/vrclist.com\/world\/490675\" target=\"_blank\" rel=\"noreferrer noopener\">Teriade Museum<\/a><\/li>\n<\/ul>\n\n\n<p>\u00a0<\/p>\n<div class=\"h-row-container gutters-row-lg-2 gutters-row-md-2 gutters-row-0 gutters-row-v-lg-2 gutters-row-v-md-2 gutters-row-v-2 style-1011 style-local-472-c6 position-relative\" data-colibri-id=\"472-c6\">\n<div class=\"h-row justify-content-lg-center justify-content-md-center justify-content-center align-items-lg-stretch align-items-md-stretch align-items-stretch gutters-col-lg-2 gutters-col-md-2 gutters-col-0 gutters-col-v-lg-2 gutters-col-v-md-2 gutters-col-v-2\">\n<div class=\"h-column h-column-container d-flex h-col-lg-auto h-col-md-auto h-col-auto style-1012-outer style-local-472-c7-outer\">\n<div class=\"d-flex h-flex-basis h-column__inner h-px-lg-2 h-px-md-2 h-px-2 v-inner-lg-2 v-inner-md-2 v-inner-2 style-1012 style-local-472-c7 position-relative\" data-colibri-id=\"472-c7\">\n<div class=\"w-100 h-y-container h-column__content h-column__v-align flex-basis-100 align-self-lg-start align-self-md-start align-self-start\">\n<div class=\"d-block style-1014 style-local-472-c9 position-relative h-element\" data-colibri-id=\"472-c9\">\n<div class=\"h-image__frame-container-outer\">\n<div class=\"h-image__frame-container\">\n<p><img decoding=\"async\" loading=\"lazy\" class=\"style-1014-image style-local-472-c9-image wp-image-2419 alignleft\" src=\"https:\/\/revealing-project.eu\/wp-content\/uploads\/2023\/07\/logosbeneficaireserasmusright_pt_0-2.jpg\" alt=\"\" width=\"420\" height=\"117\" \/><\/p>\n<p style=\"text-align: right;\"><span style=\"color: #46707f; font-family: 'Open Sans'; font-size: 16px;\">O apoio da Comiss\u00e3o Europeia \u00e0 produ\u00e7\u00e3o desta publica\u00e7\u00e3o n\u00e3o constitui um aval do seu conte\u00fado, que reflete unicamente o ponto de vista dos autores, e a Comiss\u00e3o n\u00e3o pode ser considerada respons\u00e1vel por eventuais utiliza\u00e7\u00f5es que possam ser feitas com as informa\u00e7\u00f5es nela contidas.<\/span><\/p>\n<\/div>\n<\/div>\n<\/div>\n<\/div>\n<\/div>\n<\/div>\n<div class=\"h-column h-column-container d-flex h-col-lg-auto h-col-md-auto h-col-auto style-1013-outer style-local-472-c8-outer\">\n<div class=\"d-flex h-flex-basis h-column__inner h-px-lg-2 h-px-md-2 h-px-2 v-inner-lg-2 v-inner-md-2 v-inner-2 style-1013 style-local-472-c8 position-relative\" data-colibri-id=\"472-c8\">\n<div class=\"w-100 h-y-container h-column__content h-column__v-align flex-basis-100 align-self-lg-start align-self-md-start align-self-start\">\n<div class=\"h-text h-text-component style-1015 style-local-472-c10 position-relative h-element\" data-colibri-id=\"472-c10\">\n<div class=\"\">\u00a0<\/div>\n<\/div>\n<\/div>\n<\/div>\n<\/div>\n<\/div>\n<\/div>","protected":false},"excerpt":{"rendered":"<p>O primeiro resultado do projeto REVEALING foi o desenvolvimento de um modelo de Ambiente de Aprendizagem em Realidade Virtual (AARV) adaptado ao ensino em Institui\u00e7\u00f5es de Ensino Superior (IES). O AARV recorre a salas de aula virtuais em 3D, compat\u00edveis com o VRChat. Ser\u00e1 acess\u00edvel a instrutores e estudantes, que poder\u00e3o coexistir num ambiente virtual [&hellip;]<\/p>\n","protected":false},"author":1,"featured_media":0,"parent":0,"menu_order":0,"comment_status":"closed","ping_status":"closed","template":"","meta":[],"_links":{"self":[{"href":"https:\/\/revealing-project.eu\/pt-pt\/wp-json\/wp\/v2\/pages\/5319"}],"collection":[{"href":"https:\/\/revealing-project.eu\/pt-pt\/wp-json\/wp\/v2\/pages"}],"about":[{"href":"https:\/\/revealing-project.eu\/pt-pt\/wp-json\/wp\/v2\/types\/page"}],"author":[{"embeddable":true,"href":"https:\/\/revealing-project.eu\/pt-pt\/wp-json\/wp\/v2\/users\/1"}],"replies":[{"embeddable":true,"href":"https:\/\/revealing-project.eu\/pt-pt\/wp-json\/wp\/v2\/comments?post=5319"}],"version-history":[{"count":3,"href":"https:\/\/revealing-project.eu\/pt-pt\/wp-json\/wp\/v2\/pages\/5319\/revisions"}],"predecessor-version":[{"id":6104,"href":"https:\/\/revealing-project.eu\/pt-pt\/wp-json\/wp\/v2\/pages\/5319\/revisions\/6104"}],"wp:attachment":[{"href":"https:\/\/revealing-project.eu\/pt-pt\/wp-json\/wp\/v2\/media?parent=5319"}],"curies":[{"name":"wp","href":"https:\/\/api.w.org\/{rel}","templated":true}]}}