{"id":5998,"date":"2022-06-02T10:39:50","date_gmt":"2022-06-02T07:39:50","guid":{"rendered":"https:\/\/revealing-project.eu\/vrle-directory\/"},"modified":"2023-07-21T17:01:07","modified_gmt":"2023-07-21T14:01:07","slug":"vrle-directory","status":"publish","type":"page","link":"https:\/\/revealing-project.eu\/pt-pt\/vrle-directory\/","title":{"rendered":"Diret\u00f3rio de Recursos para AARV"},"content":{"rendered":"<div data-colibri-id=\"5998-c1\" class=\"style-1035 style-local-5998-c1 position-relative\">\n  <!---->\n  <div data-colibri-component=\"section\" data-colibri-id=\"5998-c2\" id=\"initial-content\" class=\"h-section h-section-global-spacing d-flex align-items-lg-center align-items-md-center align-items-center style-1036 style-local-5998-c2 position-relative\">\n    <!---->\n    <!---->\n    <div class=\"h-section-grid-container h-section-boxed-container\">\n      <!---->\n      <div data-colibri-id=\"5998-c3\" class=\"h-row-container gutters-row-lg-2 gutters-row-md-2 gutters-row-0 gutters-row-v-lg-2 gutters-row-v-md-2 gutters-row-v-2 style-1063 style-local-5998-c3 position-relative\">\n        <!---->\n        <div class=\"h-row justify-content-lg-center justify-content-md-center justify-content-center align-items-lg-stretch align-items-md-stretch align-items-stretch gutters-col-lg-2 gutters-col-md-2 gutters-col-0 gutters-col-v-lg-2 gutters-col-v-md-2 gutters-col-v-2\">\n          <!---->\n          <div class=\"h-column h-column-container d-flex h-col-lg-auto h-col-md-auto h-col-auto style-1064-outer style-local-5998-c4-outer\">\n            <div data-colibri-id=\"5998-c4\" class=\"d-flex h-flex-basis h-column__inner h-px-lg-2 h-px-md-2 h-px-2 v-inner-lg-2 v-inner-md-2 v-inner-2 style-1064 style-local-5998-c4 position-relative\">\n              <!---->\n              <!---->\n              <div class=\"w-100 h-y-container h-column__content h-column__v-align flex-basis-100 align-self-lg-start align-self-md-start align-self-start\">\n                <!---->\n                <div data-colibri-id=\"5998-c5\" class=\"h-text h-text-component style-1066 style-local-5998-c5 position-relative h-element\">\n                  <!---->\n                  <!---->\n                  <div class=\"\">\n                    <p>O terceiro resultado do projeto consiste num Diret\u00f3rio de Recursos para AARV (Ambientes de Aprendizagem em Realidade Virtual), com o objetivo de facilitar a ado\u00e7\u00e3o e implementa\u00e7\u00e3o dos AARV nas pr\u00e1ticas de ensino das Institui\u00e7\u00f5es de\n                      Ensino Superior (IES).<\/p>\n                    <p>Este diret\u00f3rio inclui materiais dispon\u00edveis publicamente (por exemplo, modelos em 3D, recursos do VRChat de acesso gratuito, etc.) para serem utilizados em AARV.<\/p>\n                    <p>Atualmente, a quantidade de recursos dispon\u00edveis publicamente \u00e9 enorme e em r\u00e1pido crescimento. Na maioria das vezes, os educadores interessados em utiliz\u00e1-los nas suas salas de aula f\u00edsicas ou virtuais enfrentam dificuldades para\n                      avali\u00e1-los e escolher os mais apropriados e\/ou utiliz\u00e1veis.<\/p>\n                    <p>Al\u00e9m disso, esses materiais n\u00e3o est\u00e3o classificados, tornando dif\u00edcil avaliar a sua utilidade para os requisitos espec\u00edficos da educa\u00e7\u00e3o nas IES.<\/p>\n                    <p>O Diret\u00f3rio de Recursos de AARV permite a documenta\u00e7\u00e3o e classifica\u00e7\u00e3o do material dispon\u00edvel publicamente (por exemplo, por disciplina, como F\u00edsica, Arqueologia, Ci\u00eancia da Computa\u00e7\u00e3o, Ci\u00eancias M\u00e9dicas, etc.), permitindo que os professores\n                      e educadores das IES os consultem rapidamente com base nos seus interesses e escolham os mais adequados para as suas aulas.<\/p>\n                    <p>Desta forma, o diret\u00f3rio de recursos do projeto REVEALING poupa tempo precisoso na prepara\u00e7\u00e3o das sess\u00f5es para AARV ou mesmo nas sess\u00f5es apoiadas por outros tipos de ferramentas de TIC, uma vez que fornece aos docentes das IES materiais\n                      compat\u00edveis e relevantes, dispon\u00edveis publicamente, tanto para sess\u00f5es baseadas em AARV como para sess\u00f5es convencionais, melhorando assim a qualidade geral das sess\u00f5es e beneficiando os estudantes das IES.<\/p>\n                    <p>\n                      <br>\n                    <\/p>\n                  <\/div>\n                <\/div>\n              <\/div>\n            <\/div>\n          <\/div>\n        <\/div>\n      <\/div>\n      <div data-colibri-id=\"5998-c6\" class=\"h-row-container gutters-row-lg-2 gutters-row-md-2 gutters-row-0 gutters-row-v-lg-2 gutters-row-v-md-2 gutters-row-v-2 style-1045 style-local-5998-c6 position-relative\">\n        <!---->\n        <div class=\"h-row justify-content-lg-center justify-content-md-center justify-content-center align-items-lg-stretch align-items-md-stretch align-items-stretch gutters-col-lg-2 gutters-col-md-2 gutters-col-0 gutters-col-v-lg-2 gutters-col-v-md-2 gutters-col-v-2\">\n          <!---->\n          <div class=\"h-column h-column-container d-flex h-col-lg-auto h-col-md-auto h-col-auto style-1046-outer style-local-5998-c7-outer\">\n            <div data-colibri-id=\"5998-c7\" class=\"d-flex h-flex-basis h-column__inner h-px-lg-2 h-px-md-2 h-px-2 v-inner-lg-2 v-inner-md-2 v-inner-2 style-1046 style-local-5998-c7 position-relative\">\n              <!---->\n              <!---->\n              <div class=\"w-100 h-y-container h-column__content h-column__v-align flex-basis-100 align-self-lg-start align-self-md-start align-self-start\">\n                <!---->\n                <div data-colibri-id=\"5998-c8\" class=\"h-global-transition-all h-heading style-1048 style-local-5998-c8 position-relative h-element\">\n                  <!---->\n                  <div class=\"h-heading__outer style-1048 style-local-5998-c8\">\n                    <!---->\n                    <!---->\n                    <h2 class=\"\">Consulte de seguida as categorias de recursos.<\/h2>\n                  <\/div>\n                <\/div>\n              <\/div>\n            <\/div>\n          <\/div>\n        <\/div>\n      <\/div>\n      <div data-colibri-id=\"5998-c9\" class=\"h-row-container gutters-row-lg-2 gutters-row-md-2 gutters-row-0 gutters-row-v-lg-2 gutters-row-v-md-2 gutters-row-v-2 style-1049 style-local-5998-c9 position-relative\">\n        <!---->\n        <div class=\"h-row justify-content-lg-center justify-content-md-center justify-content-center align-items-lg-stretch align-items-md-stretch align-items-stretch gutters-col-lg-2 gutters-col-md-2 gutters-col-0 gutters-col-v-lg-2 gutters-col-v-md-2 gutters-col-v-2\">\n          <!---->\n          <div class=\"h-column h-column-container d-flex h-col-lg-auto h-col-md-auto h-col-auto style-1050-outer style-local-5998-c10-outer\">\n            <div data-colibri-id=\"5998-c10\" class=\"d-flex h-flex-basis h-column__inner h-px-lg-2 h-px-md-2 h-px-2 v-inner-lg-2 v-inner-md-2 v-inner-2 style-1050 style-local-5998-c10 position-relative\">\n              <!---->\n              <!---->\n              <div class=\"w-100 h-y-container h-column__content h-column__v-align flex-basis-100 align-self-lg-start align-self-md-start align-self-start\">\n                <!---->\n                <div data-colibri-id=\"5998-c11\" class=\"h-x-container style-1055 style-local-5998-c11 position-relative h-element\">\n                  <!---->\n                  <div class=\"h-x-container-inner style-dynamic-5998-c11-group style-1055-spacing style-local-5998-c11-spacing\"><span class=\"h-button__outer style-1056-outer style-local-5998-c12-outer d-inline-flex h-element\"><a h-use-smooth-scroll=\"true\" href=\"https:\/\/revealing-project.eu\/pt-pt\/categoria-produto\/3d-resource-platforms-pt-pt\/\"  data-colibri-id=\"5998-c12\" class=\"d-flex w-100 align-items-center h-button justify-content-lg-center justify-content-md-center justify-content-center style-1056 style-local-5998-c12 position-relative\"><!----><!----> <span>Plataformas de Recursos 3D<\/span><\/a>\n                    <\/span>\n                  <\/div>\n                <\/div>\n              <\/div>\n            <\/div>\n          <\/div>\n          <div class=\"h-column h-column-container d-flex h-col-lg-auto h-col-md-auto h-col-auto style-1051-outer style-local-5998-c13-outer\">\n            <div data-colibri-id=\"5998-c13\" class=\"d-flex h-flex-basis h-column__inner h-px-lg-2 h-px-md-2 h-px-2 v-inner-lg-2 v-inner-md-2 v-inner-2 style-1051 style-local-5998-c13 position-relative\">\n              <!---->\n              <!---->\n              <div class=\"w-100 h-y-container h-column__content h-column__v-align flex-basis-100 align-self-lg-start align-self-md-start align-self-start\">\n                <!---->\n                <div data-colibri-id=\"5998-c14\" class=\"h-x-container style-1057 style-local-5998-c14 position-relative h-element\">\n                  <!---->\n                  <div class=\"h-x-container-inner style-dynamic-5998-c14-group style-1057-spacing style-local-5998-c14-spacing\"><span class=\"h-button__outer style-1058-outer style-local-5998-c15-outer d-inline-flex h-element\"><a h-use-smooth-scroll=\"true\" href=\"https:\/\/revealing-project.eu\/pt-pt\/categoria-produto\/vrchat-worlds-pt-pt\/\"  data-colibri-id=\"5998-c15\" class=\"d-flex w-100 align-items-center h-button justify-content-lg-center justify-content-md-center justify-content-center style-1058 style-local-5998-c15 position-relative\"><!----><!----> <span>Ferramentas para a educa\u00e7\u00e3o (RV) \u2013 Mundos VRChat<\/span><\/a>\n                    <\/span>\n                  <\/div>\n                <\/div>\n              <\/div>\n            <\/div>\n          <\/div>\n        <\/div>\n      <\/div>\n      <div data-colibri-id=\"5998-c16\" class=\"h-row-container gutters-row-lg-2 gutters-row-md-2 gutters-row-0 gutters-row-v-lg-2 gutters-row-v-md-2 gutters-row-v-2 style-1052 style-local-5998-c16 position-relative\">\n        <!---->\n        <div class=\"h-row justify-content-lg-center justify-content-md-center justify-content-center align-items-lg-stretch align-items-md-stretch align-items-stretch gutters-col-lg-2 gutters-col-md-2 gutters-col-0 gutters-col-v-lg-2 gutters-col-v-md-2 gutters-col-v-2\">\n          <!---->\n          <div class=\"h-column h-column-container d-flex h-col-lg-auto h-col-md-auto h-col-auto style-1053-outer style-local-5998-c17-outer\">\n            <div data-colibri-id=\"5998-c17\" class=\"d-flex h-flex-basis h-column__inner h-px-lg-2 h-px-md-2 h-px-2 v-inner-lg-2 v-inner-md-2 v-inner-2 style-1053 style-local-5998-c17 position-relative\">\n              <!---->\n              <!---->\n              <div class=\"w-100 h-y-container h-column__content h-column__v-align flex-basis-100 align-self-lg-start align-self-md-start align-self-start\">\n                <!---->\n                <div data-colibri-id=\"5998-c18\" class=\"h-x-container style-1059 style-local-5998-c18 position-relative h-element\">\n                  <!---->\n                  <div class=\"h-x-container-inner style-dynamic-5998-c18-group style-1059-spacing style-local-5998-c18-spacing\"><span class=\"h-button__outer style-1060-outer style-local-5998-c19-outer d-inline-flex h-element\"><a h-use-smooth-scroll=\"true\" href=\"https:\/\/revealing-project.eu\/pt-pt\/categoria-produto\/vrchat-tools-pt-pt\/\"  data-colibri-id=\"5998-c19\" class=\"d-flex w-100 align-items-center h-button justify-content-lg-center justify-content-md-center justify-content-center style-1060 style-local-5998-c19 position-relative\"><!----><!----> <span>Ferramentas para a educa\u00e7\u00e3o (RV) \u2013 Ferramentas VRChat<\/span><\/a>\n                    <\/span>\n                  <\/div>\n                <\/div>\n              <\/div>\n            <\/div>\n          <\/div>\n          <div class=\"h-column h-column-container d-flex h-col-lg-auto h-col-md-auto h-col-auto style-1054-outer style-local-5998-c20-outer\">\n            <div data-colibri-id=\"5998-c20\" class=\"d-flex h-flex-basis h-column__inner h-px-lg-2 h-px-md-2 h-px-2 v-inner-lg-2 v-inner-md-2 v-inner-2 style-1054 style-local-5998-c20 position-relative\">\n              <!---->\n              <!---->\n              <div class=\"w-100 h-y-container h-column__content h-column__v-align flex-basis-100 align-self-lg-start align-self-md-start align-self-start\">\n                <!---->\n                <div data-colibri-id=\"5998-c21\" class=\"h-x-container style-1061 style-local-5998-c21 position-relative h-element\">\n                  <!---->\n                  <div class=\"h-x-container-inner style-dynamic-5998-c21-group style-1061-spacing style-local-5998-c21-spacing\"><span class=\"h-button__outer style-1062-outer style-local-5998-c22-outer d-inline-flex h-element\"><a h-use-smooth-scroll=\"true\" href=\"https:\/\/revealing-project.eu\/pt-pt\/categoria-produto\/web-based-tools-pt-pt\/\"  data-colibri-id=\"5998-c22\" class=\"d-flex w-100 align-items-center h-button justify-content-lg-center justify-content-md-center justify-content-center style-1062 style-local-5998-c22 position-relative\"><!----><!----> <span>Ferramentas de Cria\u00e7\u00e3o para a Realidade Virtual Baseadas na Web<\/span><\/a>\n                    <\/span>\n                  <\/div>\n                <\/div>\n              <\/div>\n            <\/div>\n          <\/div>\n        <\/div>\n      <\/div>\n    <\/div>\n  <\/div>\n  <div data-colibri-component=\"section\" data-colibri-id=\"5998-c29\" id=\"reusable-sections\" class=\"h-section h-section-global-spacing d-flex align-items-lg-center align-items-md-center align-items-center style-1175 style-local-5998-c29 position-relative\">\n    <!---->\n    <!---->\n    <div class=\"h-section-grid-container h-section-boxed-container\">\n      <!---->\n      <div data-colibri-id=\"5998-c30\" class=\"h-row-container gutters-row-lg-2 gutters-row-md-2 gutters-row-0 gutters-row-v-lg-2 gutters-row-v-md-2 gutters-row-v-2 style-1176 style-local-5998-c30 position-relative\">\n        <!---->\n        <div class=\"h-row justify-content-lg-center justify-content-md-center justify-content-center align-items-lg-stretch align-items-md-stretch align-items-stretch gutters-col-lg-2 gutters-col-md-2 gutters-col-0 gutters-col-v-lg-2 gutters-col-v-md-2 gutters-col-v-2\">\n          <!---->\n          <div class=\"h-column h-column-container d-flex h-col-lg-auto h-col-md-auto h-col-auto style-1177-outer style-local-5998-c31-outer\">\n            <div data-colibri-id=\"5998-c31\" class=\"d-flex h-flex-basis h-column__inner h-px-lg-2 h-px-md-2 h-px-2 v-inner-lg-2 v-inner-md-2 v-inner-2 style-1177 style-local-5998-c31 position-relative\">\n              <!---->\n              <!---->\n              <div class=\"w-100 h-y-container h-column__content h-column__v-align flex-basis-100 align-self-lg-start align-self-md-start align-self-start\">\n                <!---->\n                <div data-colibri-id=\"5998-c32\" class=\"d-block style-1178 style-local-5998-c32 position-relative h-element\">\n                  <!---->\n                  <div class=\"h-image__frame-container-outer\">\n                    <div class=\"h-image__frame-container\">\n                      <!---->\n                      <!---->\n                      <img decoding=\"async\" loading=\"lazy\" width=\"756\" height=\"189\" src=\"https:\/\/revealing-project.eu\/wp-content\/uploads\/2023\/07\/logosbeneficaireserasmusright_pt_0-2.jpg\" class=\"wp-image-5301 style-1178-image style-local-5998-c32-image\" srcset=\"https:\/\/revealing-project.eu\/wp-content\/uploads\/2023\/07\/logosbeneficaireserasmusright_pt_0-2.jpg 756w, https:\/\/revealing-project.eu\/wp-content\/uploads\/2023\/07\/logosbeneficaireserasmusright_pt_0-2-300x75.jpg 300w, https:\/\/revealing-project.eu\/wp-content\/uploads\/2023\/07\/logosbeneficaireserasmusright_pt_0-2-600x150.jpg 600w\" sizes=\"(max-width: 756px) 100vw, 756px\" alt=\"\" \/>\n                      <div class=\"h-image__frame h-hide-lg h-hide-md h-hide-sm style-1178-frameImage style-local-5998-c32-frameImage\"><\/div>\n                    <\/div>\n                  <\/div>\n                <\/div>\n              <\/div>\n            <\/div>\n          <\/div>\n          <div class=\"h-column h-column-container d-flex h-col-lg-auto h-col-md-auto h-col-auto style-1179-outer style-local-5998-c33-outer\">\n            <div data-colibri-id=\"5998-c33\" class=\"d-flex h-flex-basis h-column__inner h-px-lg-2 h-px-md-2 h-px-2 v-inner-lg-2 v-inner-md-2 v-inner-2 style-1179 style-local-5998-c33 position-relative\">\n              <!---->\n              <!---->\n              <div class=\"w-100 h-y-container h-column__content h-column__v-align flex-basis-100 align-self-lg-start align-self-md-start align-self-start\">\n                <!---->\n                <div data-colibri-id=\"5998-c34\" class=\"h-text h-text-component style-1180 style-local-5998-c34 position-relative h-element\">\n                  <!---->\n                  <!---->\n                  <div class=\"\">\n                    <p>O apoio da Comiss\u00e3o Europeia \u00e0 produ\u00e7\u00e3o desta publica\u00e7\u00e3o n\u00e3o constitui um aval do seu conte\u00fado, que reflete unicamente o ponto de vista dos autores, e a Comiss\u00e3o n\u00e3o pode ser considerada respons\u00e1vel por eventuais utiliza\u00e7\u00f5es que possam\n                      ser feitas com as informa\u00e7\u00f5es nela contidas. <\/p>\n                  <\/div>\n                <\/div>\n              <\/div>\n            <\/div>\n          <\/div>\n        <\/div>\n      <\/div>\n    <\/div>\n  <\/div>\n<\/div>","protected":false},"excerpt":{"rendered":"<p>O terceiro resultado do projeto consiste num Diret\u00f3rio de Recursos para AARV (Ambientes de Aprendizagem em Realidade Virtual), com o objetivo de facilitar a ado\u00e7\u00e3o e implementa\u00e7\u00e3o dos AARV nas pr\u00e1ticas de ensino das Institui\u00e7\u00f5es de Ensino Superior (IES). Este diret\u00f3rio inclui materiais dispon\u00edveis publicamente (por exemplo, modelos em 3D, recursos do VRChat de acesso [&hellip;]<\/p>\n","protected":false},"author":1,"featured_media":0,"parent":0,"menu_order":0,"comment_status":"closed","ping_status":"closed","template":"page-templates\/full-width-page.php","meta":[],"_links":{"self":[{"href":"https:\/\/revealing-project.eu\/pt-pt\/wp-json\/wp\/v2\/pages\/5998"}],"collection":[{"href":"https:\/\/revealing-project.eu\/pt-pt\/wp-json\/wp\/v2\/pages"}],"about":[{"href":"https:\/\/revealing-project.eu\/pt-pt\/wp-json\/wp\/v2\/types\/page"}],"author":[{"embeddable":true,"href":"https:\/\/revealing-project.eu\/pt-pt\/wp-json\/wp\/v2\/users\/1"}],"replies":[{"embeddable":true,"href":"https:\/\/revealing-project.eu\/pt-pt\/wp-json\/wp\/v2\/comments?post=5998"}],"version-history":[{"count":2,"href":"https:\/\/revealing-project.eu\/pt-pt\/wp-json\/wp\/v2\/pages\/5998\/revisions"}],"predecessor-version":[{"id":6002,"href":"https:\/\/revealing-project.eu\/pt-pt\/wp-json\/wp\/v2\/pages\/5998\/revisions\/6002"}],"wp:attachment":[{"href":"https:\/\/revealing-project.eu\/pt-pt\/wp-json\/wp\/v2\/media?parent=5998"}],"curies":[{"name":"wp","href":"https:\/\/api.w.org\/{rel}","templated":true}]}}