{"id":5829,"date":"2023-07-21T16:26:14","date_gmt":"2023-07-21T13:26:14","guid":{"rendered":"https:\/\/revealing-project.eu\/product\/cgtrader-3d-modelos-3d-designers\/"},"modified":"2023-07-21T16:26:15","modified_gmt":"2023-07-21T13:26:15","slug":"cgtrader-3d-modelos-3d-designers","status":"publish","type":"product","link":"https:\/\/revealing-project.eu\/pt-pt\/produto\/cgtrader-3d-modelos-3d-designers\/","title":{"rendered":"CGTrader &#8211; 3D Modelos \/ 3D Designers"},"content":{"rendered":"<p>A CGTrader \u00e9 uma plataforma que associa modeladores 3D a clientes, oferecendo uma vasta biblioteca de modelos 3D para diversos fins, desde jogos at\u00e9 \u00e0 visualiza\u00e7\u00e3o arquitet\u00f3nica.<\/p>\n","protected":false},"excerpt":{"rendered":"<p><a class=\"linkbutton\" href=\"https:\/\/www.cgtrader.com\" target=\"_blank\" rel=\"noopener\">Website<\/a><\/p>\n","protected":false},"featured_media":4108,"template":"","meta":[],"product_cat":[232],"product_tag":[],"_links":{"self":[{"href":"https:\/\/revealing-project.eu\/pt-pt\/wp-json\/wp\/v2\/product\/5829"}],"collection":[{"href":"https:\/\/revealing-project.eu\/pt-pt\/wp-json\/wp\/v2\/product"}],"about":[{"href":"https:\/\/revealing-project.eu\/pt-pt\/wp-json\/wp\/v2\/types\/product"}],"wp:featuredmedia":[{"embeddable":true,"href":"https:\/\/revealing-project.eu\/pt-pt\/wp-json\/wp\/v2\/media\/4108"}],"wp:attachment":[{"href":"https:\/\/revealing-project.eu\/pt-pt\/wp-json\/wp\/v2\/media?parent=5829"}],"wp:term":[{"taxonomy":"product_cat","embeddable":true,"href":"https:\/\/revealing-project.eu\/pt-pt\/wp-json\/wp\/v2\/product_cat?post=5829"},{"taxonomy":"product_tag","embeddable":true,"href":"https:\/\/revealing-project.eu\/pt-pt\/wp-json\/wp\/v2\/product_tag?post=5829"}],"curies":[{"name":"wp","href":"https:\/\/api.w.org\/{rel}","templated":true}]}}