{"id":5836,"date":"2023-07-21T16:26:14","date_gmt":"2023-07-21T13:26:14","guid":{"rendered":"https:\/\/revealing-project.eu\/product\/blendswap\/"},"modified":"2023-07-21T16:26:17","modified_gmt":"2023-07-21T13:26:17","slug":"blendswap","status":"publish","type":"product","link":"https:\/\/revealing-project.eu\/pt-pt\/produto\/blendswap\/","title":{"rendered":"Blendswap"},"content":{"rendered":"<p>O Blendswap \u00e9 uma plataforma impulsionada pela comunidade para utilizadores do Blender partilharem e fazerem o download de modelos 3D e asstes, promovendo a colabora\u00e7\u00e3o. Esta apresenta-se como um recurso de destaque para aceder a uma ampla variedade de conte\u00fado compat\u00edvel com o Blender.<\/p>\n","protected":false},"excerpt":{"rendered":"<p><a class=\"linkbutton\" href=\"https:\/\/www.blendswap.com\/\" target=\"_blank\" rel=\"noopener\">Website<\/a><\/p>\n","protected":false},"featured_media":4093,"template":"","meta":[],"product_cat":[232],"product_tag":[],"_links":{"self":[{"href":"https:\/\/revealing-project.eu\/pt-pt\/wp-json\/wp\/v2\/product\/5836"}],"collection":[{"href":"https:\/\/revealing-project.eu\/pt-pt\/wp-json\/wp\/v2\/product"}],"about":[{"href":"https:\/\/revealing-project.eu\/pt-pt\/wp-json\/wp\/v2\/types\/product"}],"wp:featuredmedia":[{"embeddable":true,"href":"https:\/\/revealing-project.eu\/pt-pt\/wp-json\/wp\/v2\/media\/4093"}],"wp:attachment":[{"href":"https:\/\/revealing-project.eu\/pt-pt\/wp-json\/wp\/v2\/media?parent=5836"}],"wp:term":[{"taxonomy":"product_cat","embeddable":true,"href":"https:\/\/revealing-project.eu\/pt-pt\/wp-json\/wp\/v2\/product_cat?post=5836"},{"taxonomy":"product_tag","embeddable":true,"href":"https:\/\/revealing-project.eu\/pt-pt\/wp-json\/wp\/v2\/product_tag?post=5836"}],"curies":[{"name":"wp","href":"https:\/\/api.w.org\/{rel}","templated":true}]}}