{"id":5837,"date":"2023-07-21T16:26:14","date_gmt":"2023-07-21T13:26:14","guid":{"rendered":"https:\/\/revealing-project.eu\/product\/3dmodelscc0\/"},"modified":"2023-07-21T16:26:17","modified_gmt":"2023-07-21T13:26:17","slug":"3dmodelscc0","status":"publish","type":"product","link":"https:\/\/revealing-project.eu\/pt-pt\/produto\/3dmodelscc0\/","title":{"rendered":"3DModelsCC0"},"content":{"rendered":"<p>O 3DModelsCC0 \u00e9 uma plataforma que disponibiliza uma cole\u00e7\u00e3o selecionada de modelos 3D gratuitos, licenciados sob CC0, para uso pessoal e comercial. Esta plataforma \u00e9 um recurso relevante para artistas e designers que procuram assets de alta qualidade sem requisitos de atribui\u00e7\u00e3o.<\/p>\n","protected":false},"excerpt":{"rendered":"<p><a class=\"linkbutton\" href=\"https:\/\/www.3dmodelscc0.com\/ \" target=\"_blank\" rel=\"noopener\">Website<\/a><\/p>\n","protected":false},"featured_media":4048,"template":"","meta":[],"product_cat":[232],"product_tag":[],"_links":{"self":[{"href":"https:\/\/revealing-project.eu\/pt-pt\/wp-json\/wp\/v2\/product\/5837"}],"collection":[{"href":"https:\/\/revealing-project.eu\/pt-pt\/wp-json\/wp\/v2\/product"}],"about":[{"href":"https:\/\/revealing-project.eu\/pt-pt\/wp-json\/wp\/v2\/types\/product"}],"wp:featuredmedia":[{"embeddable":true,"href":"https:\/\/revealing-project.eu\/pt-pt\/wp-json\/wp\/v2\/media\/4048"}],"wp:attachment":[{"href":"https:\/\/revealing-project.eu\/pt-pt\/wp-json\/wp\/v2\/media?parent=5837"}],"wp:term":[{"taxonomy":"product_cat","embeddable":true,"href":"https:\/\/revealing-project.eu\/pt-pt\/wp-json\/wp\/v2\/product_cat?post=5837"},{"taxonomy":"product_tag","embeddable":true,"href":"https:\/\/revealing-project.eu\/pt-pt\/wp-json\/wp\/v2\/product_tag?post=5837"}],"curies":[{"name":"wp","href":"https:\/\/api.w.org\/{rel}","templated":true}]}}