{"id":5838,"date":"2023-07-21T16:26:14","date_gmt":"2023-07-21T13:26:14","guid":{"rendered":"https:\/\/revealing-project.eu\/product\/archive-3d\/"},"modified":"2023-07-21T16:26:18","modified_gmt":"2023-07-21T13:26:18","slug":"archive-3d","status":"publish","type":"product","link":"https:\/\/revealing-project.eu\/pt-pt\/produto\/archive-3d\/","title":{"rendered":"Archive 3D"},"content":{"rendered":"<p>Archive 3D \u00e9 um reposit\u00f3rio online de um conjunto diversificado de modelos 3D para download. Este reposit\u00f3rio fornece aos designers e artistas um recurso oportuno para encontrar assets para seus projetos em diferentes ind\u00fastrias.<\/p>\n","protected":false},"excerpt":{"rendered":"<p><a class=\"linkbutton\" href=\"https:\/\/archive3d.net\/\" target=\"_blank\" rel=\"noopener\">Website<\/a><\/p>\n","protected":false},"featured_media":4565,"template":"","meta":[],"product_cat":[232],"product_tag":[],"_links":{"self":[{"href":"https:\/\/revealing-project.eu\/pt-pt\/wp-json\/wp\/v2\/product\/5838"}],"collection":[{"href":"https:\/\/revealing-project.eu\/pt-pt\/wp-json\/wp\/v2\/product"}],"about":[{"href":"https:\/\/revealing-project.eu\/pt-pt\/wp-json\/wp\/v2\/types\/product"}],"wp:featuredmedia":[{"embeddable":true,"href":"https:\/\/revealing-project.eu\/pt-pt\/wp-json\/wp\/v2\/media\/4565"}],"wp:attachment":[{"href":"https:\/\/revealing-project.eu\/pt-pt\/wp-json\/wp\/v2\/media?parent=5838"}],"wp:term":[{"taxonomy":"product_cat","embeddable":true,"href":"https:\/\/revealing-project.eu\/pt-pt\/wp-json\/wp\/v2\/product_cat?post=5838"},{"taxonomy":"product_tag","embeddable":true,"href":"https:\/\/revealing-project.eu\/pt-pt\/wp-json\/wp\/v2\/product_tag?post=5838"}],"curies":[{"name":"wp","href":"https:\/\/api.w.org\/{rel}","templated":true}]}}