{"id":5841,"date":"2023-07-21T16:26:14","date_gmt":"2023-07-21T13:26:14","guid":{"rendered":"https:\/\/revealing-project.eu\/product\/3d-export\/"},"modified":"2023-07-21T16:26:19","modified_gmt":"2023-07-21T13:26:19","slug":"3d-export","status":"publish","type":"product","link":"https:\/\/revealing-project.eu\/pt-pt\/produto\/3d-export\/","title":{"rendered":"3D Export"},"content":{"rendered":"<p>Export \u00e9 reposit\u00f3rio de venda de modelos e assets 3D. Esta plataforma permite a liga\u00e7\u00e3o de designers e consumidores num ambiente oportuno para aceder e exibir uma ampla variedade de conte\u00fados 3D.<\/p>\n","protected":false},"excerpt":{"rendered":"<p><a class=\"linkbutton\" href=\"https:\/\/3dexport.com\/\" target=\"_blank\" rel=\"noopener\">Website<\/a><\/p>\n","protected":false},"featured_media":4580,"template":"","meta":[],"product_cat":[232],"product_tag":[],"_links":{"self":[{"href":"https:\/\/revealing-project.eu\/pt-pt\/wp-json\/wp\/v2\/product\/5841"}],"collection":[{"href":"https:\/\/revealing-project.eu\/pt-pt\/wp-json\/wp\/v2\/product"}],"about":[{"href":"https:\/\/revealing-project.eu\/pt-pt\/wp-json\/wp\/v2\/types\/product"}],"wp:featuredmedia":[{"embeddable":true,"href":"https:\/\/revealing-project.eu\/pt-pt\/wp-json\/wp\/v2\/media\/4580"}],"wp:attachment":[{"href":"https:\/\/revealing-project.eu\/pt-pt\/wp-json\/wp\/v2\/media?parent=5841"}],"wp:term":[{"taxonomy":"product_cat","embeddable":true,"href":"https:\/\/revealing-project.eu\/pt-pt\/wp-json\/wp\/v2\/product_cat?post=5841"},{"taxonomy":"product_tag","embeddable":true,"href":"https:\/\/revealing-project.eu\/pt-pt\/wp-json\/wp\/v2\/product_tag?post=5841"}],"curies":[{"name":"wp","href":"https:\/\/api.w.org\/{rel}","templated":true}]}}