{"id":5843,"date":"2023-07-21T16:26:14","date_gmt":"2023-07-21T13:26:14","guid":{"rendered":"https:\/\/revealing-project.eu\/product\/clara-io\/"},"modified":"2023-07-21T16:26:19","modified_gmt":"2023-07-21T13:26:19","slug":"clara-io","status":"publish","type":"product","link":"https:\/\/revealing-project.eu\/pt-pt\/produto\/clara-io\/","title":{"rendered":"Clara.io"},"content":{"rendered":"<p>Clara.io \u00e9 uma ferramenta Web de modela\u00e7\u00e3o e rendreiza\u00e7\u00e3o 3D que permite oas utilizadores criar, editar e animar modelos 3D diretamente no seu motor de busca, tornando-a acess\u00edvel e para designers com diferentes habilita\u00e7\u00f5es e n\u00edveis de proefici\u00eancia.<\/p>\n","protected":false},"excerpt":{"rendered":"<p><a class=\"linkbutton\" href=\"https:\/\/clara.io\/\" target=\"_blank\" rel=\"noopener\">Website<\/a><\/p>\n","protected":false},"featured_media":4128,"template":"","meta":[],"product_cat":[232],"product_tag":[],"_links":{"self":[{"href":"https:\/\/revealing-project.eu\/pt-pt\/wp-json\/wp\/v2\/product\/5843"}],"collection":[{"href":"https:\/\/revealing-project.eu\/pt-pt\/wp-json\/wp\/v2\/product"}],"about":[{"href":"https:\/\/revealing-project.eu\/pt-pt\/wp-json\/wp\/v2\/types\/product"}],"wp:featuredmedia":[{"embeddable":true,"href":"https:\/\/revealing-project.eu\/pt-pt\/wp-json\/wp\/v2\/media\/4128"}],"wp:attachment":[{"href":"https:\/\/revealing-project.eu\/pt-pt\/wp-json\/wp\/v2\/media?parent=5843"}],"wp:term":[{"taxonomy":"product_cat","embeddable":true,"href":"https:\/\/revealing-project.eu\/pt-pt\/wp-json\/wp\/v2\/product_cat?post=5843"},{"taxonomy":"product_tag","embeddable":true,"href":"https:\/\/revealing-project.eu\/pt-pt\/wp-json\/wp\/v2\/product_tag?post=5843"}],"curies":[{"name":"wp","href":"https:\/\/api.w.org\/{rel}","templated":true}]}}