{"id":5844,"date":"2023-07-21T16:26:14","date_gmt":"2023-07-21T13:26:14","guid":{"rendered":"https:\/\/revealing-project.eu\/product\/mozaik\/"},"modified":"2023-07-21T16:26:20","modified_gmt":"2023-07-21T13:26:20","slug":"mozaik","status":"publish","type":"product","link":"https:\/\/revealing-project.eu\/pt-pt\/produto\/mozaik\/","title":{"rendered":"Mozaik"},"content":{"rendered":"<p>A Mozaik disponibiliza ferramentas para o design 3D, cria\u00e7\u00e3o de lista de cortes, otimiza\u00e7\u00e3o de materiais e integra\u00e7\u00e3o de m\u00e1quinas CNC, agilizando o trabalho dos profissionais da marcenaria, contibuindo para facilitar a precis\u00e3o dos processos de fabrico.<\/p>\n","protected":false},"excerpt":{"rendered":"<p><a class=\"linkbutton\" href=\"https:\/\/www.mozaweb.com\/pt\/lexikon.php?cmd=getlist&#038;let=3D&#038;sid=BIO\" target=\"_blank\" rel=\"noopener\">Website<\/a><\/p>\n","protected":false},"featured_media":4248,"template":"","meta":[],"product_cat":[232],"product_tag":[],"_links":{"self":[{"href":"https:\/\/revealing-project.eu\/pt-pt\/wp-json\/wp\/v2\/product\/5844"}],"collection":[{"href":"https:\/\/revealing-project.eu\/pt-pt\/wp-json\/wp\/v2\/product"}],"about":[{"href":"https:\/\/revealing-project.eu\/pt-pt\/wp-json\/wp\/v2\/types\/product"}],"wp:featuredmedia":[{"embeddable":true,"href":"https:\/\/revealing-project.eu\/pt-pt\/wp-json\/wp\/v2\/media\/4248"}],"wp:attachment":[{"href":"https:\/\/revealing-project.eu\/pt-pt\/wp-json\/wp\/v2\/media?parent=5844"}],"wp:term":[{"taxonomy":"product_cat","embeddable":true,"href":"https:\/\/revealing-project.eu\/pt-pt\/wp-json\/wp\/v2\/product_cat?post=5844"},{"taxonomy":"product_tag","embeddable":true,"href":"https:\/\/revealing-project.eu\/pt-pt\/wp-json\/wp\/v2\/product_tag?post=5844"}],"curies":[{"name":"wp","href":"https:\/\/api.w.org\/{rel}","templated":true}]}}